{"id":97,"date":"2018-03-01T20:38:37","date_gmt":"2018-03-01T20:38:37","guid":{"rendered":"http:\/\/www.frejatravel.com\/?page_id=97"},"modified":"2018-04-17T21:13:08","modified_gmt":"2018-04-17T21:13:08","slug":"referenser","status":"publish","type":"page","link":"https:\/\/www.frejatravel.com\/nb\/referenser\/","title":{"rendered":"REFERANSER"},"content":{"rendered":"<p><span style=\"color: #000000; font-size: 14pt; font-family: 'book antiqua', palatino, serif;\">Vi kan med stolthet vise de gode referansene v\u00e5re igjennom \u00e5rene. Vi har hatt forn\u00f8yelsen \u00e5 samarbeide med selskap fra Sverige, Norge og Finland.<\/span><\/p>\n<p><div id=\"grid-gallery-1-4471\" data-gg-id=\"1\" data-title=\"Klijenti\" data-grid-type=\"0\" data-offset=\"10.3\" data-area-position=\"center\" data-icons=\"false\" data-preloader=\"true\" data-width=\"300\" data-height=\"225\" data-padding=\"0\" data-quicksand=\"disabled\" data-quicksand-duration=\"none\" data-popup-theme=\"theme_6\" data-popup-type=\"pretty-photo\" data-popup-image-text=\"data-description\" data-popup-widthsize=\"auto\" data-popup-heightsize=\"auto\" data-popup-i18n-words=\"{&quot;close&quot;:&quot;close&quot;,&quot;next&quot;:&quot;next&quot;,&quot;previous&quot;:&quot;previous&quot;,&quot;start_slideshow&quot;:&quot;start slideshow&quot;,&quot;stop_slideshow&quot;:&quot;stop slideshow&quot;,&quot;image&quot;:&quot;image&quot;,&quot;of&quot;:&quot;of&quot;,&quot;prev&quot;:&quot;prev&quot;,&quot;cExpand&quot;:&quot;Expand&quot;,&quot;cPrevious&quot;:&quot;Previous&quot;,&quot;cNext&quot;:&quot;Next&quot;,&quot;cExpandStr&quot;:&quot;Expand the image&quot;,&quot;cRotate&quot;:&quot;Rotate&quot;,&quot;cDetails&quot;:&quot;Details&quot;}\" data-popup-slideshow=\"false\" data-popup-slideshow-speed=\"2500\" data-popup-hoverstop=\"true\" data-popup-slideshow-auto=\"false\" data-popup-background=\"\" data-popup-transparency=\"30\" data-popup-disable-history=\"\" data-popup-disable-changed-url=\"\" data-popup-border-type=\"\" data-popup-border-color=\"\" data-popup-border-width=\"\" data-popup-border-enable=\"\" data-fullscreen=\"false\" data-hide-tooltip=\"false\" data-caption-font-family=\"Default\" data-caption-text-size=\"14px\" data-is-mobile=\"0\" data-caption-mobile=\"false\" data-hide-long-tltp-title=\"0\" data-caption-disabled-on-mobile=\"false\" data-lazyload-enable='1' data-lazyload-effect=\"show\" data-lazyload-effect-duration=\"400\" data-popup-placement-type=\"0\" data-social-sharing=\"{&quot;enabled&quot;:&quot;&quot;,&quot;gallerySharing&quot;:{&quot;enabled&quot;:null,&quot;position&quot;:null},&quot;imageSharing&quot;:{&quot;enabled&quot;:null,&quot;wrapperClass&quot;:&quot; vertical \\n &quot;},&quot;popupSharing&quot;:{&quot;enabled&quot;:null,&quot;wrapperClass&quot;:&quot; vertical \\n &quot;}}\" class=\"grid-gallery grid-gallery-fixed \" style=\" width:100%; height:auto ; margin-left:auto; margin-right:auto; position:relative;\" > <div class=\"gallery-loading\"> <div class=\"blocks\"> <div class=\"block\"><\/div> <div class=\"block\"><\/div> <div class=\"block\"><\/div> <div class=\"block\"><\/div> <\/div> <\/div> <div class=\"gallery-sharing-top\"><\/div> <div id=\"photos-1\" class=\"grid-gallery-photos \" > <a id=\"gg-1-7\" class=\"gg-link \" data-attachment-id=\"170\" href=\"https:\/\/www.special-resor.se\/\" target=\"_self\" title=\"specialresor\" rel=\"\" data-type=\"link\" style=\"border-radius: 0px;\" ><FIGURE class=\"grid-gallery-caption \" data-grid-gallery-type=\"quarter-slide-up\" data-index=\"0\" style=\"display:none;border-radius: 0px; ; margin: 10.3px; width:300px;\" ><div class=\"crop \" style=\" width:300px; height:225px; overflow:hidden; \"><img data-gg-real-image-href=\"https:\/\/www.frejatravel.com\/wp-content\/uploads\/2018\/03\/specialresor-1-300x225.jpg\" src=\"https:\/\/www.frejatravel.com\/wp-content\/plugins\/gallery-by-supsystic\/src\/GridGallery\/Galleries\/assets\/img\/loading.gif\" class=\"ggImg ggLazyImg\" alt=\"specialresor\" title=\"specialresor\" data-description=\"specialresor\" data-caption=\"specialresor\" data-title=\"specialresor\" style=\" width:300px; height:225px; \" \/><\/div><FIGCAPTION class=\"\" data-alpha=\"5\" style=\"color:#ffffff; background-color:#6f0000; font-size:14px; text-align:left; font-family:Default;\" ><div class=\"grid-gallery-figcaption-wrap\" style=\" vertical-align:top; \"><\/div><\/FIGCAPTION><\/FIGURE><\/a> <a id=\"gg-1-2\" class=\"gg-link \" data-attachment-id=\"172\" href=\"http:\/\/www.touring.no\" target=\"_blank\" title=\"risidal_touring\" rel=\"\" data-type=\"link\" style=\"border-radius: 0px;\" ><FIGURE class=\"grid-gallery-caption \" data-grid-gallery-type=\"quarter-slide-up\" data-index=\"1\" style=\"display:none;border-radius: 0px; ; margin: 10.3px; width:300px;\" ><div class=\"crop \" style=\" width:300px; height:225px; overflow:hidden; \"><img data-gg-real-image-href=\"https:\/\/www.frejatravel.com\/wp-content\/uploads\/2018\/03\/risidal_touring-1-300x225.jpg\" src=\"https:\/\/www.frejatravel.com\/wp-content\/plugins\/gallery-by-supsystic\/src\/GridGallery\/Galleries\/assets\/img\/loading.gif\" class=\"ggImg ggLazyImg\" alt=\"risidal_touring\" title=\"risidal_touring\" data-description=\"risidal_touring\" data-caption=\"risidal_touring\" data-title=\"risidal_touring\" style=\" width:300px; height:225px; \" \/><\/div><FIGCAPTION class=\"\" data-alpha=\"5\" style=\"color:#ffffff; background-color:#6f0000; font-size:14px; text-align:left; font-family:Default;\" ><div class=\"grid-gallery-figcaption-wrap\" style=\" vertical-align:top; \"><\/div><\/FIGCAPTION><\/FIGURE><\/a> <a id=\"gg-1-3\" class=\"gg-link \" data-attachment-id=\"173\" href=\"https:\/\/www.kroatienspecialisten.se\/\" target=\"_blank\" title=\"kroatien_specialisten\" rel=\"\" data-type=\"link\" style=\"border-radius: 0px;\" ><FIGURE class=\"grid-gallery-caption \" data-grid-gallery-type=\"quarter-slide-up\" data-index=\"2\" style=\"display:none;border-radius: 0px; ; margin: 10.3px; width:300px;\" ><div class=\"crop \" style=\" width:300px; height:225px; overflow:hidden; \"><img data-gg-real-image-href=\"https:\/\/www.frejatravel.com\/wp-content\/uploads\/2018\/03\/kroatien_specialisten-1-300x225.jpg\" src=\"https:\/\/www.frejatravel.com\/wp-content\/plugins\/gallery-by-supsystic\/src\/GridGallery\/Galleries\/assets\/img\/loading.gif\" class=\"ggImg ggLazyImg\" alt=\"kroatienspecialisten\" title=\"kroatien_specialisten\" data-description=\"kroatien_specialisten\" data-caption=\"kroatien_specialisten\" data-title=\"kroatien_specialisten\" style=\" width:300px; height:225px; \" \/><\/div><FIGCAPTION class=\"\" data-alpha=\"5\" style=\"color:#ffffff; background-color:#6f0000; font-size:14px; text-align:left; font-family:Default;\" ><div class=\"grid-gallery-figcaption-wrap\" style=\" vertical-align:top; \"><\/div><\/FIGCAPTION><\/FIGURE><\/a> <a id=\"gg-1-4\" class=\"gg-link \" data-attachment-id=\"174\" href=\"http:\/\/www.ankiadventures.se\" target=\"_blank\" title=\"anaki_adventures\" rel=\"\" data-type=\"link\" style=\"border-radius: 0px;\" ><FIGURE class=\"grid-gallery-caption \" data-grid-gallery-type=\"quarter-slide-up\" data-index=\"3\" style=\"display:none;border-radius: 0px; ; margin: 10.3px; width:300px;\" ><div class=\"crop \" style=\" width:300px; height:225px; overflow:hidden; \"><img data-gg-real-image-href=\"https:\/\/www.frejatravel.com\/wp-content\/uploads\/2018\/03\/anaki_adventures-1-300x225.jpg\" src=\"https:\/\/www.frejatravel.com\/wp-content\/plugins\/gallery-by-supsystic\/src\/GridGallery\/Galleries\/assets\/img\/loading.gif\" class=\"ggImg ggLazyImg\" alt=\"anaki adventures\" title=\"anaki_adventures\" data-description=\"anaki_adventures\" data-caption=\"anaki_adventures\" data-title=\"anaki_adventures\" style=\" width:300px; height:225px; \" \/><\/div><FIGCAPTION class=\"\" data-alpha=\"5\" style=\"color:#ffffff; background-color:#6f0000; font-size:14px; text-align:left; font-family:Default;\" ><div class=\"grid-gallery-figcaption-wrap\" style=\" vertical-align:top; \"><\/div><\/FIGCAPTION><\/FIGURE><\/a> <a id=\"gg-1-5\" class=\"gg-link \" data-attachment-id=\"175\" href=\"http:\/\/www.vsperssons.se\/\" target=\"_blank\" title=\"perssons\" rel=\"\" data-type=\"link\" style=\"border-radius: 0px;\" ><FIGURE class=\"grid-gallery-caption \" data-grid-gallery-type=\"quarter-slide-up\" data-index=\"4\" style=\"display:none;border-radius: 0px; ; margin: 10.3px; width:300px;\" ><div class=\"crop \" style=\" width:300px; height:225px; overflow:hidden; \"><img data-gg-real-image-href=\"https:\/\/www.frejatravel.com\/wp-content\/uploads\/2018\/03\/perssons-1-300x225.jpg\" src=\"https:\/\/www.frejatravel.com\/wp-content\/plugins\/gallery-by-supsystic\/src\/GridGallery\/Galleries\/assets\/img\/loading.gif\" class=\"ggImg ggLazyImg\" alt=\"perrsons\" title=\"perssons\" data-description=\"perssons\" data-caption=\"perssons\" data-title=\"perssons\" style=\" width:300px; height:225px; \" \/><\/div><FIGCAPTION class=\"\" data-alpha=\"5\" style=\"color:#ffffff; background-color:#6f0000; font-size:14px; text-align:left; font-family:Default;\" ><div class=\"grid-gallery-figcaption-wrap\" style=\" vertical-align:top; \"><\/div><\/FIGCAPTION><\/FIGURE><\/a> <a id=\"gg-1-6\" class=\"gg-link \" data-attachment-id=\"176\" href=\"http:\/\/www.grand-tours.hr\" target=\"_blank\" title=\"grand_tours\" rel=\"\" data-type=\"link\" style=\"border-radius: 0px;\" ><FIGURE class=\"grid-gallery-caption \" data-grid-gallery-type=\"quarter-slide-up\" data-index=\"5\" style=\"display:none;border-radius: 0px; ; margin: 10.3px; width:300px;\" ><div class=\"crop \" style=\" width:300px; height:225px; overflow:hidden; \"><img data-gg-real-image-href=\"https:\/\/www.frejatravel.com\/wp-content\/uploads\/2018\/03\/grand_tours-1-300x225.jpg\" src=\"https:\/\/www.frejatravel.com\/wp-content\/plugins\/gallery-by-supsystic\/src\/GridGallery\/Galleries\/assets\/img\/loading.gif\" class=\"ggImg ggLazyImg\" alt=\"referenser\" title=\"grand_tours\" data-description=\"grand_tours\" data-caption=\"grand_tours\" data-title=\"grand_tours\" style=\" width:300px; height:225px; \" \/><\/div><FIGCAPTION class=\"\" data-alpha=\"5\" style=\"color:#ffffff; background-color:#6f0000; font-size:14px; text-align:left; font-family:Default;\" ><div class=\"grid-gallery-figcaption-wrap\" style=\" vertical-align:top; \"><\/div><\/FIGCAPTION><\/FIGURE><\/a> <a id=\"gg-1-8\" class=\"gg-link \" data-attachment-id=\"177\" href=\"https:\/\/www.axtours.ax\/\" target=\"_self\" title=\"axtours\" rel=\"\" data-type=\"link\" style=\"border-radius: 0px;\" ><FIGURE class=\"grid-gallery-caption \" data-grid-gallery-type=\"quarter-slide-up\" data-index=\"6\" style=\"display:none;border-radius: 0px; ; margin: 10.3px; width:300px;\" ><div class=\"crop \" style=\" width:300px; height:225px; overflow:hidden; \"><img data-gg-real-image-href=\"https:\/\/www.frejatravel.com\/wp-content\/uploads\/2018\/03\/axtours-300x225.jpg\" src=\"https:\/\/www.frejatravel.com\/wp-content\/plugins\/gallery-by-supsystic\/src\/GridGallery\/Galleries\/assets\/img\/loading.gif\" class=\"ggImg ggLazyImg\" alt=\"axtours\" title=\"axtours\" data-description=\"axtours\" data-caption=\"axtours\" data-title=\"axtours\" style=\" width:300px; height:225px; \" \/><\/div><FIGCAPTION class=\"\" data-alpha=\"5\" style=\"color:#ffffff; background-color:#6f0000; font-size:14px; text-align:left; font-family:Default;\" ><div class=\"grid-gallery-figcaption-wrap\" style=\" vertical-align:top; \"><\/div><\/FIGCAPTION><\/FIGURE><\/a> <div class=\"grid-gallery-clearfix\"><\/div> <\/div> <div class=\"gallery-sharing-bottom\"><\/div> <div class=\"grid-gallery-clearfix\"><\/div> <\/div> <!-- Gallery by Supsystic plugin 1.15.4 --><\/p>","protected":false},"excerpt":{"rendered":"<p>Vi kan med stolthet vise de gode referansene v\u00e5re igjennom \u00e5rene. Vi har hatt forn\u00f8yelsen \u00e5 samarbeide med selskap fra Sverige, Norge og Finland.<\/p>\n","protected":false},"author":1,"featured_media":0,"parent":0,"menu_order":0,"comment_status":"closed","ping_status":"closed","template":"","meta":[],"yst_prominent_words":[],"_links":{"self":[{"href":"https:\/\/www.frejatravel.com\/nb\/wp-json\/wp\/v2\/pages\/97"}],"collection":[{"href":"https:\/\/www.frejatravel.com\/nb\/wp-json\/wp\/v2\/pages"}],"about":[{"href":"https:\/\/www.frejatravel.com\/nb\/wp-json\/wp\/v2\/types\/page"}],"author":[{"embeddable":true,"href":"https:\/\/www.frejatravel.com\/nb\/wp-json\/wp\/v2\/users\/1"}],"replies":[{"embeddable":true,"href":"https:\/\/www.frejatravel.com\/nb\/wp-json\/wp\/v2\/comments?post=97"}],"version-history":[{"count":8,"href":"https:\/\/www.frejatravel.com\/nb\/wp-json\/wp\/v2\/pages\/97\/revisions"}],"predecessor-version":[{"id":580,"href":"https:\/\/www.frejatravel.com\/nb\/wp-json\/wp\/v2\/pages\/97\/revisions\/580"}],"wp:attachment":[{"href":"https:\/\/www.frejatravel.com\/nb\/wp-json\/wp\/v2\/media?parent=97"}],"wp:term":[{"taxonomy":"yst_prominent_words","embeddable":true,"href":"https:\/\/www.frejatravel.com\/nb\/wp-json\/wp\/v2\/yst_prominent_words?post=97"}],"curies":[{"name":"wp","href":"https:\/\/api.w.org\/{rel}","templated":true}]}}