{"id":461,"date":"2018-03-23T21:32:57","date_gmt":"2018-03-23T21:32:57","guid":{"rendered":"http:\/\/www.frejatravel.com\/?page_id=461"},"modified":"2018-04-17T21:20:55","modified_gmt":"2018-04-17T21:20:55","slug":"rafting-ett-aventyr-pa-floden-cetina","status":"publish","type":"page","link":"https:\/\/www.frejatravel.com\/nb\/rafting-ett-aventyr-pa-floden-cetina\/","title":{"rendered":"Rafting \u2013 et eventyr p\u00e5 elven Cetina"},"content":{"rendered":"<p><span style=\"font-size: 14pt; font-family: 'book antiqua', palatino, serif; color: #000000;\"><img loading=\"lazy\" class=\"alignleft wp-image-314\" src=\"https:\/\/www.frejatravel.com\/wp-content\/uploads\/2018\/03\/raf_freja04-300x225.jpg\" alt=\"rafting freja\" width=\"180\" height=\"135\" srcset=\"https:\/\/www.frejatravel.com\/wp-content\/uploads\/2018\/03\/raf_freja04-300x225.jpg 300w, https:\/\/www.frejatravel.com\/wp-content\/uploads\/2018\/03\/raf_freja04-768x576.jpg 768w, https:\/\/www.frejatravel.com\/wp-content\/uploads\/2018\/03\/raf_freja04.jpg 1024w\" sizes=\"(max-width: 180px) 100vw, 180px\" \/>Slapp av n\u00e6re vannfall, grotter, skj\u00f8nne kaskader og bekkenes klare vann. \u00a0Cetina er Dalmatia lengste elv, ca 100 km lang og renner ut i Adriaterhavet i byen Omi\u0161. Den f\u00f8rste delen av elva er stille og rolig, som en introduksjon, mens den andre delen er vill og sprudlende med sine mange fossefall. Det eneste du trenger for \u00e5 v\u00e6re med p\u00e5 rafting er \u00e5 kunne sv\u00f8mme. \u00a0Du b\u00f8r ogs\u00e5 ha kl\u00e6r som passer eventyret \u2013 badet\u00f8y, shorts, t-skjorte og behagelige sko som gymnastikkskor eller sandaler. \u00a0De erfarne guidene v\u00e5re forsikrer fire timers ren forn\u00f8yelse og gj\u00f8r den aktive ferien din til ett minne.<\/span><\/p>\n<p><span style=\"font-size: 14pt; font-family: 'book antiqua', palatino, serif; color: #000000;\">\u00a0<\/span><\/p>\n<p><div id=\"grid-gallery-9-79328\" data-gg-id=\"9\" data-title=\"rafting\" data-grid-type=\"0\" data-offset=\"5.3\" data-area-position=\"center\" data-icons=\"false\" data-preloader=\"true\" data-width=\"215\" data-height=\"215\" data-padding=\"0\" data-quicksand=\"disabled\" data-quicksand-duration=\"1800\" data-popup-theme=\"theme_6\" data-popup-type=\"pretty-photo\" data-popup-image-text=\"data-description\" data-popup-widthsize=\"auto\" data-popup-heightsize=\"auto\" data-popup-i18n-words=\"{&quot;close&quot;:&quot;close&quot;,&quot;next&quot;:&quot;next&quot;,&quot;previous&quot;:&quot;previous&quot;,&quot;start_slideshow&quot;:&quot;start slideshow&quot;,&quot;stop_slideshow&quot;:&quot;stop slideshow&quot;,&quot;image&quot;:&quot;image&quot;,&quot;of&quot;:&quot;of&quot;,&quot;prev&quot;:&quot;prev&quot;,&quot;cExpand&quot;:&quot;Expand&quot;,&quot;cPrevious&quot;:&quot;Previous&quot;,&quot;cNext&quot;:&quot;Next&quot;,&quot;cExpandStr&quot;:&quot;Expand the image&quot;,&quot;cRotate&quot;:&quot;Rotate&quot;,&quot;cDetails&quot;:&quot;Details&quot;}\" data-popup-slideshow=\"false\" data-popup-slideshow-speed=\"2500\" data-popup-hoverstop=\"true\" data-popup-slideshow-auto=\"false\" data-popup-background=\"\" data-popup-transparency=\"30\" data-popup-disable-history=\"\" data-popup-disable-changed-url=\"\" data-popup-border-type=\"\" data-popup-border-color=\"\" data-popup-border-width=\"\" data-popup-border-enable=\"\" data-fullscreen=\"false\" data-hide-tooltip=\"false\" data-caption-font-family=\"Default\" data-caption-text-size=\"14px\" data-is-mobile=\"0\" data-caption-mobile=\"false\" data-hide-long-tltp-title=\"0\" data-caption-disabled-on-mobile=\"false\" data-lazyload-enable='1' data-lazyload-effect=\"show\" data-lazyload-effect-duration=\"400\" data-popup-placement-type=\"0\" data-social-sharing=\"{&quot;enabled&quot;:&quot;&quot;,&quot;gallerySharing&quot;:{&quot;enabled&quot;:null,&quot;position&quot;:null},&quot;imageSharing&quot;:{&quot;enabled&quot;:null,&quot;wrapperClass&quot;:&quot; vertical \\n &quot;},&quot;popupSharing&quot;:{&quot;enabled&quot;:null,&quot;wrapperClass&quot;:&quot; vertical \\n &quot;}}\" class=\"grid-gallery grid-gallery-fixed \" style=\" width:100%; height:auto ; margin-left:auto; margin-right:auto; position:relative;\" > <div class=\"gallery-loading\"> <div class=\"blocks\"> <div class=\"block\"><\/div> <div class=\"block\"><\/div> <div class=\"block\"><\/div> <div class=\"block\"><\/div> <\/div> <\/div> <div class=\"gallery-sharing-top\"><\/div> <div id=\"photos-9\" class=\"grid-gallery-photos \" > <a id=\"gg-9-125\" class=\"gg-link \" data-attachment-id=\"311\" href=\"https:\/\/www.frejatravel.com\/wp-content\/uploads\/2018\/03\/raf_freja01.jpg?gid=9\" target=\"_self\" title=\"raf_freja01\" data-rel=\"prettyPhoto[pp_gal]\" style=\"border-radius: 0px;\" ><FIGURE class=\"grid-gallery-caption \" data-grid-gallery-type=\"quarter-slide-up\" data-index=\"0\" style=\"display:none;border-radius: 0px; ; margin: 5.3px; width:215px;\" ><div class=\"crop \" style=\" width:215px; height:215px; overflow:hidden; \"><img data-gg-real-image-href=\"https:\/\/www.frejatravel.com\/wp-content\/uploads\/2018\/03\/raf_freja01-215x215.jpg\" src=\"\" class=\"ggImg ggLazyImg\" alt=\"rafting freja\" title=\"raf_freja01\" data-description=\"raf_freja01\" data-caption=\"raf_freja01\" data-title=\"raf_freja01\" style=\" width:215px; height:215px; \" \/><\/div><FIGCAPTION class=\"\" data-alpha=\"5\" style=\"color:#ffffff; background-color:#6f0000; font-size:14px; text-align:2; font-family:Default;\" ><div class=\"grid-gallery-figcaption-wrap\" style=\" vertical-align:; \"><\/div><\/FIGCAPTION><\/FIGURE><\/a> <a id=\"gg-9-126\" class=\"gg-link \" data-attachment-id=\"312\" href=\"https:\/\/www.frejatravel.com\/wp-content\/uploads\/2018\/03\/raf_freja02.jpg?gid=9\" target=\"_self\" title=\"raf_freja02\" data-rel=\"prettyPhoto[pp_gal]\" style=\"border-radius: 0px;\" ><FIGURE class=\"grid-gallery-caption \" data-grid-gallery-type=\"quarter-slide-up\" data-index=\"1\" style=\"display:none;border-radius: 0px; ; margin: 5.3px; width:215px;\" ><div class=\"crop \" style=\" width:215px; height:215px; overflow:hidden; \"><img data-gg-real-image-href=\"https:\/\/www.frejatravel.com\/wp-content\/uploads\/2018\/03\/raf_freja02-215x215.jpg\" src=\"\" class=\"ggImg ggLazyImg\" alt=\"rafting freja\" title=\"raf_freja02\" data-description=\"raf_freja02\" data-caption=\"raf_freja02\" data-title=\"raf_freja02\" style=\" width:215px; height:215px; \" \/><\/div><FIGCAPTION class=\"\" data-alpha=\"5\" style=\"color:#ffffff; background-color:#6f0000; font-size:14px; text-align:2; font-family:Default;\" ><div class=\"grid-gallery-figcaption-wrap\" style=\" vertical-align:; \"><\/div><\/FIGCAPTION><\/FIGURE><\/a> <a id=\"gg-9-127\" class=\"gg-link \" data-attachment-id=\"313\" href=\"https:\/\/www.frejatravel.com\/wp-content\/uploads\/2018\/03\/raf_freja03.jpg?gid=9\" target=\"_self\" title=\"raf_freja03\" data-rel=\"prettyPhoto[pp_gal]\" style=\"border-radius: 0px;\" ><FIGURE class=\"grid-gallery-caption \" data-grid-gallery-type=\"quarter-slide-up\" data-index=\"2\" style=\"display:none;border-radius: 0px; ; margin: 5.3px; width:215px;\" ><div class=\"crop \" style=\" width:215px; height:215px; overflow:hidden; \"><img data-gg-real-image-href=\"https:\/\/www.frejatravel.com\/wp-content\/uploads\/2018\/03\/raf_freja03-215x215.jpg\" src=\"\" class=\"ggImg ggLazyImg\" alt=\"rafting freja\" title=\"raf_freja03\" data-description=\"raf_freja03\" data-caption=\"raf_freja03\" data-title=\"raf_freja03\" style=\" width:215px; height:215px; \" \/><\/div><FIGCAPTION class=\"\" data-alpha=\"5\" style=\"color:#ffffff; background-color:#6f0000; font-size:14px; text-align:2; font-family:Default;\" ><div class=\"grid-gallery-figcaption-wrap\" style=\" vertical-align:; \"><\/div><\/FIGCAPTION><\/FIGURE><\/a> <a id=\"gg-9-128\" class=\"gg-link \" data-attachment-id=\"314\" href=\"https:\/\/www.frejatravel.com\/wp-content\/uploads\/2018\/03\/raf_freja04.jpg?gid=9\" target=\"_self\" title=\"raf_freja04\" data-rel=\"prettyPhoto[pp_gal]\" style=\"border-radius: 0px;\" ><FIGURE class=\"grid-gallery-caption \" data-grid-gallery-type=\"quarter-slide-up\" data-index=\"3\" style=\"display:none;border-radius: 0px; ; margin: 5.3px; width:215px;\" ><div class=\"crop \" style=\" width:215px; height:215px; overflow:hidden; \"><img data-gg-real-image-href=\"https:\/\/www.frejatravel.com\/wp-content\/uploads\/2018\/03\/raf_freja04-215x215.jpg\" src=\"\" class=\"ggImg ggLazyImg\" alt=\"rafting freja\" title=\"raf_freja04\" data-description=\"raf_freja04\" data-caption=\"raf_freja04\" data-title=\"raf_freja04\" style=\" width:215px; height:215px; \" \/><\/div><FIGCAPTION class=\"\" data-alpha=\"5\" style=\"color:#ffffff; background-color:#6f0000; font-size:14px; text-align:2; font-family:Default;\" ><div class=\"grid-gallery-figcaption-wrap\" style=\" vertical-align:; \"><\/div><\/FIGCAPTION><\/FIGURE><\/a> <a id=\"gg-9-129\" class=\"gg-link \" data-attachment-id=\"315\" href=\"https:\/\/www.frejatravel.com\/wp-content\/uploads\/2018\/03\/raf_freja05.jpg?gid=9\" target=\"_self\" title=\"raf_freja05\" data-rel=\"prettyPhoto[pp_gal]\" style=\"border-radius: 0px;\" ><FIGURE class=\"grid-gallery-caption \" data-grid-gallery-type=\"quarter-slide-up\" data-index=\"4\" style=\"display:none;border-radius: 0px; ; margin: 5.3px; width:215px;\" ><div class=\"crop \" style=\" width:215px; height:215px; overflow:hidden; \"><img data-gg-real-image-href=\"https:\/\/www.frejatravel.com\/wp-content\/uploads\/2018\/03\/raf_freja05-215x215.jpg\" src=\"\" class=\"ggImg ggLazyImg\" alt=\"rafting freja\" title=\"raf_freja05\" data-description=\"raf_freja05\" data-caption=\"raf_freja05\" data-title=\"raf_freja05\" style=\" width:215px; height:215px; \" \/><\/div><FIGCAPTION class=\"\" data-alpha=\"5\" style=\"color:#ffffff; background-color:#6f0000; font-size:14px; text-align:2; font-family:Default;\" ><div class=\"grid-gallery-figcaption-wrap\" style=\" vertical-align:; \"><\/div><\/FIGCAPTION><\/FIGURE><\/a> <a id=\"gg-9-130\" class=\"gg-link \" data-attachment-id=\"316\" href=\"https:\/\/www.frejatravel.com\/wp-content\/uploads\/2018\/03\/raf_freja06.jpg?gid=9\" target=\"_self\" title=\"raf_freja06\" data-rel=\"prettyPhoto[pp_gal]\" style=\"border-radius: 0px;\" ><FIGURE class=\"grid-gallery-caption \" data-grid-gallery-type=\"quarter-slide-up\" data-index=\"5\" style=\"display:none;border-radius: 0px; ; margin: 5.3px; width:215px;\" ><div class=\"crop \" style=\" width:215px; height:215px; overflow:hidden; \"><img data-gg-real-image-href=\"https:\/\/www.frejatravel.com\/wp-content\/uploads\/2018\/03\/raf_freja06-215x215.jpg\" src=\"\" class=\"ggImg ggLazyImg\" alt=\"rafting freja\" title=\"raf_freja06\" data-description=\"raf_freja06\" data-caption=\"raf_freja06\" data-title=\"raf_freja06\" style=\" width:215px; height:215px; \" \/><\/div><FIGCAPTION class=\"\" data-alpha=\"5\" style=\"color:#ffffff; background-color:#6f0000; font-size:14px; text-align:2; font-family:Default;\" ><div class=\"grid-gallery-figcaption-wrap\" style=\" vertical-align:; \"><\/div><\/FIGCAPTION><\/FIGURE><\/a> <a id=\"gg-9-131\" class=\"gg-link \" data-attachment-id=\"317\" href=\"https:\/\/www.frejatravel.com\/wp-content\/uploads\/2018\/03\/raf_freja07.jpg?gid=9\" target=\"_self\" title=\"raf_freja07\" data-rel=\"prettyPhoto[pp_gal]\" style=\"border-radius: 0px;\" ><FIGURE class=\"grid-gallery-caption \" data-grid-gallery-type=\"quarter-slide-up\" data-index=\"6\" style=\"display:none;border-radius: 0px; ; margin: 5.3px; width:215px;\" ><div class=\"crop \" style=\" width:215px; height:215px; overflow:hidden; \"><img data-gg-real-image-href=\"https:\/\/www.frejatravel.com\/wp-content\/uploads\/2018\/03\/raf_freja07-215x215.jpg\" src=\"\" class=\"ggImg ggLazyImg\" alt=\"rafting freja\" title=\"raf_freja07\" data-description=\"raf_freja07\" data-caption=\"raf_freja07\" data-title=\"raf_freja07\" style=\" width:215px; height:215px; \" \/><\/div><FIGCAPTION class=\"\" data-alpha=\"5\" style=\"color:#ffffff; background-color:#6f0000; font-size:14px; text-align:2; font-family:Default;\" ><div class=\"grid-gallery-figcaption-wrap\" style=\" vertical-align:; \"><\/div><\/FIGCAPTION><\/FIGURE><\/a> <a id=\"gg-9-132\" class=\"gg-link \" data-attachment-id=\"318\" href=\"https:\/\/www.frejatravel.com\/wp-content\/uploads\/2018\/03\/raf_freja08.jpg?gid=9\" target=\"_self\" title=\"raf_freja08\" data-rel=\"prettyPhoto[pp_gal]\" style=\"border-radius: 0px;\" ><FIGURE class=\"grid-gallery-caption \" data-grid-gallery-type=\"quarter-slide-up\" data-index=\"7\" style=\"display:none;border-radius: 0px; ; margin: 5.3px; width:215px;\" ><div class=\"crop \" style=\" width:215px; height:215px; overflow:hidden; \"><img data-gg-real-image-href=\"https:\/\/www.frejatravel.com\/wp-content\/uploads\/2018\/03\/raf_freja08-215x215.jpg\" src=\"\" class=\"ggImg ggLazyImg\" alt=\"rafting freja\" title=\"raf_freja08\" data-description=\"raf_freja08\" data-caption=\"raf_freja08\" data-title=\"raf_freja08\" style=\" width:215px; height:215px; \" \/><\/div><FIGCAPTION class=\"\" data-alpha=\"5\" style=\"color:#ffffff; background-color:#6f0000; font-size:14px; text-align:2; font-family:Default;\" ><div class=\"grid-gallery-figcaption-wrap\" style=\" vertical-align:; \"><\/div><\/FIGCAPTION><\/FIGURE><\/a> <a id=\"gg-9-133\" class=\"gg-link \" data-attachment-id=\"319\" href=\"https:\/\/www.frejatravel.com\/wp-content\/uploads\/2018\/03\/raf_freja09.jpg?gid=9\" target=\"_self\" title=\"raf_freja09\" data-rel=\"prettyPhoto[pp_gal]\" style=\"border-radius: 0px;\" ><FIGURE class=\"grid-gallery-caption \" data-grid-gallery-type=\"quarter-slide-up\" data-index=\"8\" style=\"display:none;border-radius: 0px; ; margin: 5.3px; width:215px;\" ><div class=\"crop \" style=\" width:215px; height:215px; overflow:hidden; \"><img data-gg-real-image-href=\"https:\/\/www.frejatravel.com\/wp-content\/uploads\/2018\/03\/raf_freja09-215x215.jpg\" src=\"\" class=\"ggImg ggLazyImg\" alt=\"rafting freja\" title=\"raf_freja09\" data-description=\"raf_freja09\" data-caption=\"raf_freja09\" data-title=\"raf_freja09\" style=\" width:215px; height:215px; \" \/><\/div><FIGCAPTION class=\"\" data-alpha=\"5\" style=\"color:#ffffff; background-color:#6f0000; font-size:14px; text-align:2; font-family:Default;\" ><div class=\"grid-gallery-figcaption-wrap\" style=\" vertical-align:; \"><\/div><\/FIGCAPTION><\/FIGURE><\/a> <a id=\"gg-9-134\" class=\"gg-link \" data-attachment-id=\"320\" href=\"https:\/\/www.frejatravel.com\/wp-content\/uploads\/2018\/03\/raf_freja10.jpg?gid=9\" target=\"_self\" title=\"raf_freja10\" data-rel=\"prettyPhoto[pp_gal]\" style=\"border-radius: 0px;\" ><FIGURE class=\"grid-gallery-caption \" data-grid-gallery-type=\"quarter-slide-up\" data-index=\"9\" style=\"display:none;border-radius: 0px; ; margin: 5.3px; width:215px;\" ><div class=\"crop \" style=\" width:215px; height:215px; overflow:hidden; \"><img data-gg-real-image-href=\"https:\/\/www.frejatravel.com\/wp-content\/uploads\/2018\/03\/raf_freja10-215x215.jpg\" src=\"\" class=\"ggImg ggLazyImg\" alt=\"rafting freja\" title=\"raf_freja10\" data-description=\"raf_freja10\" data-caption=\"raf_freja10\" data-title=\"raf_freja10\" style=\" width:215px; height:215px; \" \/><\/div><FIGCAPTION class=\"\" data-alpha=\"5\" style=\"color:#ffffff; background-color:#6f0000; font-size:14px; text-align:2; font-family:Default;\" ><div class=\"grid-gallery-figcaption-wrap\" style=\" vertical-align:; \"><\/div><\/FIGCAPTION><\/FIGURE><\/a> <div class=\"grid-gallery-clearfix\"><\/div> <\/div> <div class=\"gallery-sharing-bottom\"><\/div> <div class=\"grid-gallery-clearfix\"><\/div> <\/div> <!-- Gallery by Supsystic plugin 1.15.4 --><\/p>","protected":false},"excerpt":{"rendered":"<p>Slapp av n\u00e6re vannfall, grotter, skj\u00f8nne kaskader og bekkenes klare vann. \u00a0Cetina er Dalmatia lengste elv, ca 100 km lang og renner ut i Adriaterhavet i byen Omi\u0161. Den f\u00f8rste delen av elva er stille og rolig, som en introduksjon, mens den andre delen er vill og sprudlende med sine mange fossefall. Det eneste du <a class=\"read-more\" href=\"https:\/\/www.frejatravel.com\/nb\/rafting-ett-aventyr-pa-floden-cetina\/\">READ MORE<\/a><\/p>\n","protected":false},"author":1,"featured_media":317,"parent":0,"menu_order":0,"comment_status":"closed","ping_status":"closed","template":"","meta":[],"yst_prominent_words":[221,222],"_links":{"self":[{"href":"https:\/\/www.frejatravel.com\/nb\/wp-json\/wp\/v2\/pages\/461"}],"collection":[{"href":"https:\/\/www.frejatravel.com\/nb\/wp-json\/wp\/v2\/pages"}],"about":[{"href":"https:\/\/www.frejatravel.com\/nb\/wp-json\/wp\/v2\/types\/page"}],"author":[{"embeddable":true,"href":"https:\/\/www.frejatravel.com\/nb\/wp-json\/wp\/v2\/users\/1"}],"replies":[{"embeddable":true,"href":"https:\/\/www.frejatravel.com\/nb\/wp-json\/wp\/v2\/comments?post=461"}],"version-history":[{"count":5,"href":"https:\/\/www.frejatravel.com\/nb\/wp-json\/wp\/v2\/pages\/461\/revisions"}],"predecessor-version":[{"id":583,"href":"https:\/\/www.frejatravel.com\/nb\/wp-json\/wp\/v2\/pages\/461\/revisions\/583"}],"wp:featuredmedia":[{"embeddable":true,"href":"https:\/\/www.frejatravel.com\/nb\/wp-json\/wp\/v2\/media\/317"}],"wp:attachment":[{"href":"https:\/\/www.frejatravel.com\/nb\/wp-json\/wp\/v2\/media?parent=461"}],"wp:term":[{"taxonomy":"yst_prominent_words","embeddable":true,"href":"https:\/\/www.frejatravel.com\/nb\/wp-json\/wp\/v2\/yst_prominent_words?post=461"}],"curies":[{"name":"wp","href":"https:\/\/api.w.org\/{rel}","templated":true}]}}