{"id":457,"date":"2018-03-23T21:25:16","date_gmt":"2018-03-23T21:25:16","guid":{"rendered":"http:\/\/www.frejatravel.com\/?page_id=457"},"modified":"2018-04-17T21:32:13","modified_gmt":"2018-04-17T21:32:13","slug":"krka-nationalpark-en-naturlig-skonhet","status":"publish","type":"page","link":"https:\/\/www.frejatravel.com\/nb\/krka-nationalpark-en-naturlig-skonhet\/","title":{"rendered":"Krka nasjonalpark \u2013 en naturlig skj\u00f8nnhet"},"content":{"rendered":"<p><span style=\"font-size: 14pt; font-family: 'book antiqua', palatino, serif;\"><img loading=\"lazy\" class=\"alignleft wp-image-232\" src=\"https:\/\/www.frejatravel.com\/wp-content\/uploads\/2018\/03\/krka_freja1-300x225.jpg\" alt=\"krka freja\" width=\"180\" height=\"135\" srcset=\"https:\/\/www.frejatravel.com\/wp-content\/uploads\/2018\/03\/krka_freja1-300x225.jpg 300w, https:\/\/www.frejatravel.com\/wp-content\/uploads\/2018\/03\/krka_freja1-768x576.jpg 768w, https:\/\/www.frejatravel.com\/wp-content\/uploads\/2018\/03\/krka_freja1.jpg 1024w\" sizes=\"(max-width: 180px) 100vw, 180px\" \/><\/span><span style=\"color: #000000; font-size: 14pt; font-family: 'book antiqua', palatino, serif;\">Nasjonalparken Krka er blant de vakreste nasjonalparker i Kroatia. Vi bes\u00f8ker Skradinski Buk som er en av de mest attraktive deler i nasjonalparken. Vannfallet er mellom 200 og 400 meter bredt og har en h\u00f8ydeforskjell p\u00e5 45,7 meter. Elven Krka er et karst fenomen, og p\u00e5 vei mot havet former den mange innsj\u00f8er, vannfall og fosser. Krka har v\u00e6rt nasjonalpark siden 1985. takket v\u00e6re naturlige skj\u00f8nnheter og geologiske egenskaper. Her kan vi se det nest eldste kraftverket i Europa fra \u00e5r 1895.<\/span><\/p>\n<p>&nbsp;<\/p>\n<p><span style=\"color: #000000; font-size: 14pt; font-family: 'book antiqua', palatino, serif;\">Ta med fotoaparat og badedrakt og tilbring dagen i de bl\u00e5gr\u00f8nne omgivelsene og Krkas flora og fauna.<\/span><\/p>\n<p><span style=\"font-size: 14pt; font-family: 'book antiqua', palatino, serif;\">\u00a0<\/span><\/p>\n<p><div id=\"grid-gallery-4-71038\" data-gg-id=\"4\" data-title=\"Krka\" data-grid-type=\"0\" data-offset=\"5.3\" data-area-position=\"center\" data-icons=\"false\" data-preloader=\"true\" data-width=\"215\" data-height=\"215\" data-padding=\"0\" data-quicksand=\"disabled\" data-quicksand-duration=\"1800\" data-popup-theme=\"theme_6\" data-popup-type=\"pretty-photo\" data-popup-image-text=\"data-description\" data-popup-widthsize=\"auto\" data-popup-heightsize=\"auto\" data-popup-i18n-words=\"{&quot;close&quot;:&quot;close&quot;,&quot;next&quot;:&quot;next&quot;,&quot;previous&quot;:&quot;previous&quot;,&quot;start_slideshow&quot;:&quot;start slideshow&quot;,&quot;stop_slideshow&quot;:&quot;stop slideshow&quot;,&quot;image&quot;:&quot;image&quot;,&quot;of&quot;:&quot;of&quot;,&quot;prev&quot;:&quot;prev&quot;,&quot;cExpand&quot;:&quot;Expand&quot;,&quot;cPrevious&quot;:&quot;Previous&quot;,&quot;cNext&quot;:&quot;Next&quot;,&quot;cExpandStr&quot;:&quot;Expand the image&quot;,&quot;cRotate&quot;:&quot;Rotate&quot;,&quot;cDetails&quot;:&quot;Details&quot;}\" data-popup-slideshow=\"false\" data-popup-slideshow-speed=\"2500\" data-popup-hoverstop=\"true\" data-popup-slideshow-auto=\"false\" data-popup-background=\"\" data-popup-transparency=\"30\" data-popup-disable-history=\"\" data-popup-disable-changed-url=\"\" data-popup-border-type=\"\" data-popup-border-color=\"\" data-popup-border-width=\"\" data-popup-border-enable=\"\" data-fullscreen=\"false\" data-hide-tooltip=\"false\" data-caption-font-family=\"Default\" data-caption-text-size=\"14px\" data-is-mobile=\"0\" data-caption-mobile=\"false\" data-hide-long-tltp-title=\"0\" data-caption-disabled-on-mobile=\"false\" data-lazyload-enable='1' data-lazyload-effect=\"show\" data-lazyload-effect-duration=\"400\" data-popup-placement-type=\"0\" data-social-sharing=\"{&quot;enabled&quot;:&quot;&quot;,&quot;gallerySharing&quot;:{&quot;enabled&quot;:null,&quot;position&quot;:null},&quot;imageSharing&quot;:{&quot;enabled&quot;:null,&quot;wrapperClass&quot;:&quot; vertical \\n &quot;},&quot;popupSharing&quot;:{&quot;enabled&quot;:null,&quot;wrapperClass&quot;:&quot; vertical \\n &quot;}}\" class=\"grid-gallery grid-gallery-fixed \" style=\" width:100%; height:auto ; margin-left:auto; margin-right:auto; position:relative;\" > <div class=\"gallery-loading\"> <div class=\"blocks\"> <div class=\"block\"><\/div> <div class=\"block\"><\/div> <div class=\"block\"><\/div> <div class=\"block\"><\/div> <\/div> <\/div> <div class=\"gallery-sharing-top\"><\/div> <div id=\"photos-4\" class=\"grid-gallery-photos \" > <a id=\"gg-4-45\" class=\"gg-link \" data-attachment-id=\"232\" href=\"https:\/\/www.frejatravel.com\/wp-content\/uploads\/2018\/03\/krka_freja1.jpg?gid=4\" target=\"_self\" title=\"krka_freja1\" data-rel=\"prettyPhoto[pp_gal]\" style=\"border-radius: 0px;\" ><FIGURE class=\"grid-gallery-caption \" data-grid-gallery-type=\"quarter-slide-up\" data-index=\"0\" style=\"display:none;border-radius: 0px; ; margin: 5.3px; width:215px;\" ><div class=\"crop \" style=\" width:215px; height:215px; overflow:hidden; \"><img data-gg-real-image-href=\"https:\/\/www.frejatravel.com\/wp-content\/uploads\/2018\/03\/krka_freja1-215x215.jpg\" src=\"\" class=\"ggImg ggLazyImg\" alt=\"krka freja\" title=\"krka_freja1\" data-description=\"krka_freja1\" data-caption=\"krka_freja1\" data-title=\"krka_freja1\" style=\" width:215px; height:215px; \" \/><\/div><FIGCAPTION class=\"\" data-alpha=\"5\" style=\"color:#ffffff; background-color:#6f0000; font-size:14px; text-align:2; font-family:Default;\" ><div class=\"grid-gallery-figcaption-wrap\" style=\" vertical-align:; \"><\/div><\/FIGCAPTION><\/FIGURE><\/a> <a id=\"gg-4-46\" class=\"gg-link \" data-attachment-id=\"233\" href=\"https:\/\/www.frejatravel.com\/wp-content\/uploads\/2018\/03\/krka_freja2.jpg?gid=4\" target=\"_self\" title=\"krka_freja2\" data-rel=\"prettyPhoto[pp_gal]\" style=\"border-radius: 0px;\" ><FIGURE class=\"grid-gallery-caption \" data-grid-gallery-type=\"quarter-slide-up\" data-index=\"1\" style=\"display:none;border-radius: 0px; ; margin: 5.3px; width:215px;\" ><div class=\"crop \" style=\" width:215px; height:215px; overflow:hidden; \"><img data-gg-real-image-href=\"https:\/\/www.frejatravel.com\/wp-content\/uploads\/2018\/03\/krka_freja2-215x215.jpg\" src=\"\" class=\"ggImg ggLazyImg\" alt=\"krka freja\" title=\"krka_freja2\" data-description=\"krka_freja2\" data-caption=\"krka_freja2\" data-title=\"krka_freja2\" style=\" width:215px; height:215px; \" \/><\/div><FIGCAPTION class=\"\" data-alpha=\"5\" style=\"color:#ffffff; background-color:#6f0000; font-size:14px; text-align:2; font-family:Default;\" ><div class=\"grid-gallery-figcaption-wrap\" style=\" vertical-align:; \"><\/div><\/FIGCAPTION><\/FIGURE><\/a> <a id=\"gg-4-47\" class=\"gg-link \" data-attachment-id=\"234\" href=\"https:\/\/www.frejatravel.com\/wp-content\/uploads\/2018\/03\/krka_freja3.jpg?gid=4\" target=\"_self\" title=\"krka_freja3\" data-rel=\"prettyPhoto[pp_gal]\" style=\"border-radius: 0px;\" ><FIGURE class=\"grid-gallery-caption \" data-grid-gallery-type=\"quarter-slide-up\" data-index=\"2\" style=\"display:none;border-radius: 0px; ; margin: 5.3px; width:215px;\" ><div class=\"crop \" style=\" width:215px; height:215px; overflow:hidden; \"><img data-gg-real-image-href=\"https:\/\/www.frejatravel.com\/wp-content\/uploads\/2018\/03\/krka_freja3-215x215.jpg\" src=\"\" class=\"ggImg ggLazyImg\" alt=\"krka freja\" title=\"krka_freja3\" data-description=\"krka_freja3\" data-caption=\"krka_freja3\" data-title=\"krka_freja3\" style=\" width:215px; height:215px; \" \/><\/div><FIGCAPTION class=\"\" data-alpha=\"5\" style=\"color:#ffffff; background-color:#6f0000; font-size:14px; text-align:2; font-family:Default;\" ><div class=\"grid-gallery-figcaption-wrap\" style=\" vertical-align:; \"><\/div><\/FIGCAPTION><\/FIGURE><\/a> <a id=\"gg-4-48\" class=\"gg-link \" data-attachment-id=\"235\" href=\"https:\/\/www.frejatravel.com\/wp-content\/uploads\/2018\/03\/krka_freja4.jpg?gid=4\" target=\"_self\" title=\"krka_freja4\" data-rel=\"prettyPhoto[pp_gal]\" style=\"border-radius: 0px;\" ><FIGURE class=\"grid-gallery-caption \" data-grid-gallery-type=\"quarter-slide-up\" data-index=\"3\" style=\"display:none;border-radius: 0px; ; margin: 5.3px; width:215px;\" ><div class=\"crop \" style=\" width:215px; height:215px; overflow:hidden; \"><img data-gg-real-image-href=\"https:\/\/www.frejatravel.com\/wp-content\/uploads\/2018\/03\/krka_freja4-215x215.jpg\" src=\"\" class=\"ggImg ggLazyImg\" alt=\"krka freja\" title=\"krka_freja4\" data-description=\"krka_freja4\" data-caption=\"krka_freja4\" data-title=\"krka_freja4\" style=\" width:215px; height:215px; \" \/><\/div><FIGCAPTION class=\"\" data-alpha=\"5\" style=\"color:#ffffff; background-color:#6f0000; font-size:14px; text-align:2; font-family:Default;\" ><div class=\"grid-gallery-figcaption-wrap\" style=\" vertical-align:; \"><\/div><\/FIGCAPTION><\/FIGURE><\/a> <a id=\"gg-4-49\" class=\"gg-link \" data-attachment-id=\"236\" href=\"https:\/\/www.frejatravel.com\/wp-content\/uploads\/2018\/03\/krka_freja5.jpg?gid=4\" target=\"_self\" title=\"krka_freja5\" data-rel=\"prettyPhoto[pp_gal]\" style=\"border-radius: 0px;\" ><FIGURE class=\"grid-gallery-caption \" data-grid-gallery-type=\"quarter-slide-up\" data-index=\"4\" style=\"display:none;border-radius: 0px; ; margin: 5.3px; width:215px;\" ><div class=\"crop \" style=\" width:215px; height:215px; overflow:hidden; \"><img data-gg-real-image-href=\"https:\/\/www.frejatravel.com\/wp-content\/uploads\/2018\/03\/krka_freja5-215x215.jpg\" src=\"\" class=\"ggImg ggLazyImg\" alt=\"krka freja\" title=\"krka_freja5\" data-description=\"krka_freja5\" data-caption=\"krka_freja5\" data-title=\"krka_freja5\" style=\" width:215px; height:215px; \" \/><\/div><FIGCAPTION class=\"\" data-alpha=\"5\" style=\"color:#ffffff; background-color:#6f0000; font-size:14px; text-align:2; font-family:Default;\" ><div class=\"grid-gallery-figcaption-wrap\" style=\" vertical-align:; \"><\/div><\/FIGCAPTION><\/FIGURE><\/a> <a id=\"gg-4-50\" class=\"gg-link \" data-attachment-id=\"237\" href=\"https:\/\/www.frejatravel.com\/wp-content\/uploads\/2018\/03\/krka_freja6.jpg?gid=4\" target=\"_self\" title=\"krka_freja6\" data-rel=\"prettyPhoto[pp_gal]\" style=\"border-radius: 0px;\" ><FIGURE class=\"grid-gallery-caption \" data-grid-gallery-type=\"quarter-slide-up\" data-index=\"5\" style=\"display:none;border-radius: 0px; ; margin: 5.3px; width:215px;\" ><div class=\"crop \" style=\" width:215px; height:215px; overflow:hidden; \"><img data-gg-real-image-href=\"https:\/\/www.frejatravel.com\/wp-content\/uploads\/2018\/03\/krka_freja6-215x215.jpg\" src=\"\" class=\"ggImg ggLazyImg\" alt=\"krka freja\" title=\"krka_freja6\" data-description=\"krka_freja6\" data-caption=\"krka_freja6\" data-title=\"krka_freja6\" style=\" width:215px; height:215px; \" \/><\/div><FIGCAPTION class=\"\" data-alpha=\"5\" style=\"color:#ffffff; background-color:#6f0000; font-size:14px; text-align:2; font-family:Default;\" ><div class=\"grid-gallery-figcaption-wrap\" style=\" vertical-align:; \"><\/div><\/FIGCAPTION><\/FIGURE><\/a> <a id=\"gg-4-51\" class=\"gg-link \" data-attachment-id=\"238\" href=\"https:\/\/www.frejatravel.com\/wp-content\/uploads\/2018\/03\/krka_freja8.jpg?gid=4\" target=\"_self\" title=\"krka_freja8\" data-rel=\"prettyPhoto[pp_gal]\" style=\"border-radius: 0px;\" ><FIGURE class=\"grid-gallery-caption \" data-grid-gallery-type=\"quarter-slide-up\" data-index=\"6\" style=\"display:none;border-radius: 0px; ; margin: 5.3px; width:215px;\" ><div class=\"crop \" style=\" width:215px; height:215px; overflow:hidden; \"><img data-gg-real-image-href=\"https:\/\/www.frejatravel.com\/wp-content\/uploads\/2018\/03\/krka_freja8-215x215.jpg\" src=\"\" class=\"ggImg ggLazyImg\" alt=\"krka freja\" title=\"krka_freja8\" data-description=\"krka_freja8\" data-caption=\"krka_freja8\" data-title=\"krka_freja8\" style=\" width:215px; height:215px; \" \/><\/div><FIGCAPTION class=\"\" data-alpha=\"5\" style=\"color:#ffffff; background-color:#6f0000; font-size:14px; text-align:2; font-family:Default;\" ><div class=\"grid-gallery-figcaption-wrap\" style=\" vertical-align:; \"><\/div><\/FIGCAPTION><\/FIGURE><\/a> <div class=\"grid-gallery-clearfix\"><\/div> <\/div> <div class=\"gallery-sharing-bottom\"><\/div> <div class=\"grid-gallery-clearfix\"><\/div> <\/div> <!-- Gallery by Supsystic plugin 1.15.4 --><\/p>","protected":false},"excerpt":{"rendered":"<p>Nasjonalparken Krka er blant de vakreste nasjonalparker i Kroatia. Vi bes\u00f8ker Skradinski Buk som er en av de mest attraktive deler i nasjonalparken. Vannfallet er mellom 200 og 400 meter bredt og har en h\u00f8ydeforskjell p\u00e5 45,7 meter. Elven Krka er et karst fenomen, og p\u00e5 vei mot havet former den mange innsj\u00f8er, vannfall og <a class=\"read-more\" href=\"https:\/\/www.frejatravel.com\/nb\/krka-nationalpark-en-naturlig-skonhet\/\">READ MORE<\/a><\/p>\n","protected":false},"author":1,"featured_media":233,"parent":0,"menu_order":0,"comment_status":"closed","ping_status":"closed","template":"","meta":[],"yst_prominent_words":[249,248,250],"_links":{"self":[{"href":"https:\/\/www.frejatravel.com\/nb\/wp-json\/wp\/v2\/pages\/457"}],"collection":[{"href":"https:\/\/www.frejatravel.com\/nb\/wp-json\/wp\/v2\/pages"}],"about":[{"href":"https:\/\/www.frejatravel.com\/nb\/wp-json\/wp\/v2\/types\/page"}],"author":[{"embeddable":true,"href":"https:\/\/www.frejatravel.com\/nb\/wp-json\/wp\/v2\/users\/1"}],"replies":[{"embeddable":true,"href":"https:\/\/www.frejatravel.com\/nb\/wp-json\/wp\/v2\/comments?post=457"}],"version-history":[{"count":8,"href":"https:\/\/www.frejatravel.com\/nb\/wp-json\/wp\/v2\/pages\/457\/revisions"}],"predecessor-version":[{"id":589,"href":"https:\/\/www.frejatravel.com\/nb\/wp-json\/wp\/v2\/pages\/457\/revisions\/589"}],"wp:featuredmedia":[{"embeddable":true,"href":"https:\/\/www.frejatravel.com\/nb\/wp-json\/wp\/v2\/media\/233"}],"wp:attachment":[{"href":"https:\/\/www.frejatravel.com\/nb\/wp-json\/wp\/v2\/media?parent=457"}],"wp:term":[{"taxonomy":"yst_prominent_words","embeddable":true,"href":"https:\/\/www.frejatravel.com\/nb\/wp-json\/wp\/v2\/yst_prominent_words?post=457"}],"curies":[{"name":"wp","href":"https:\/\/api.w.org\/{rel}","templated":true}]}}