{"id":435,"date":"2018-03-23T20:19:00","date_gmt":"2018-03-23T20:19:00","guid":{"rendered":"http:\/\/www.frejatravel.com\/?page_id=435"},"modified":"2018-04-17T21:30:36","modified_gmt":"2018-04-17T21:30:36","slug":"mostar-orientens-fonster","status":"publish","type":"page","link":"https:\/\/www.frejatravel.com\/nb\/mostar-orientens-fonster\/","title":{"rendered":"Mostar \u2013 Orientens vindu"},"content":{"rendered":"<p><span lang=\"SV\" style=\"font-family: 'book antiqua', palatino, serif; color: black; font-size: 14pt;\"><img loading=\"lazy\" class=\"alignleft wp-image-271\" src=\"https:\/\/www.frejatravel.com\/wp-content\/uploads\/2018\/03\/mostar_freja15-300x225.jpg\" alt=\"mostar freja\" width=\"180\" height=\"136\" srcset=\"https:\/\/www.frejatravel.com\/wp-content\/uploads\/2018\/03\/mostar_freja15-300x225.jpg 300w, https:\/\/www.frejatravel.com\/wp-content\/uploads\/2018\/03\/mostar_freja15-768x576.jpg 768w, https:\/\/www.frejatravel.com\/wp-content\/uploads\/2018\/03\/mostar_freja15.jpg 1024w\" sizes=\"(max-width: 180px) 100vw, 180px\" \/><\/span><span style=\"color: #000000; font-size: 14pt; font-family: 'book antiqua', palatino, serif;\">Mostar anses \u00e5 v\u00e6re en av de vakreste byer i Bosnia og Herzegovina. Byens arkitektur er en kombinasjon av gammel osmansk arkitektur og \u00f8sterrisk stil. Mostar er byen preget av to kulturer, to religioner, en elv som deler byen og en bro som forener folket. \u00a0Under rundturen be\u00f8ker vi blant annet den gamle basaren, tyrkiske huset, en av de mange mosk\u00e9er og den gamle broen som ble oppbyggd i 2004. Etter omvisningen f\u00e5r du tid \u00e5 selv kikke rundt og\u00a0 bes\u00f8ke gallerier, h\u00e5ndtverk og souvenirbutikker.<\/span><\/p>\n<p><span lang=\"SV\" style=\"font-family: 'book antiqua', palatino, serif; color: black; font-size: 14pt;\">\u00a0<\/span><div id=\"grid-gallery-6-11840\" data-gg-id=\"6\" data-title=\"mostar\" data-grid-type=\"0\" data-offset=\"5.3\" data-area-position=\"center\" data-icons=\"false\" data-preloader=\"true\" data-width=\"215\" data-height=\"215\" data-padding=\"0\" data-quicksand=\"disabled\" data-quicksand-duration=\"1800\" data-popup-theme=\"theme_6\" data-popup-type=\"pretty-photo\" data-popup-image-text=\"data-description\" data-popup-widthsize=\"auto\" data-popup-heightsize=\"auto\" data-popup-i18n-words=\"{&quot;close&quot;:&quot;close&quot;,&quot;next&quot;:&quot;next&quot;,&quot;previous&quot;:&quot;previous&quot;,&quot;start_slideshow&quot;:&quot;start slideshow&quot;,&quot;stop_slideshow&quot;:&quot;stop slideshow&quot;,&quot;image&quot;:&quot;image&quot;,&quot;of&quot;:&quot;of&quot;,&quot;prev&quot;:&quot;prev&quot;,&quot;cExpand&quot;:&quot;Expand&quot;,&quot;cPrevious&quot;:&quot;Previous&quot;,&quot;cNext&quot;:&quot;Next&quot;,&quot;cExpandStr&quot;:&quot;Expand the image&quot;,&quot;cRotate&quot;:&quot;Rotate&quot;,&quot;cDetails&quot;:&quot;Details&quot;}\" data-popup-slideshow=\"false\" data-popup-slideshow-speed=\"2500\" data-popup-hoverstop=\"true\" data-popup-slideshow-auto=\"false\" data-popup-background=\"\" data-popup-transparency=\"30\" data-popup-disable-history=\"\" data-popup-disable-changed-url=\"\" data-popup-border-type=\"\" data-popup-border-color=\"\" data-popup-border-width=\"\" data-popup-border-enable=\"\" data-fullscreen=\"false\" data-hide-tooltip=\"false\" data-caption-font-family=\"Default\" data-caption-text-size=\"14px\" data-is-mobile=\"0\" data-caption-mobile=\"false\" data-hide-long-tltp-title=\"0\" data-caption-disabled-on-mobile=\"false\" data-lazyload-enable='1' data-lazyload-effect=\"show\" data-lazyload-effect-duration=\"400\" data-popup-placement-type=\"0\" data-social-sharing=\"{&quot;enabled&quot;:&quot;&quot;,&quot;gallerySharing&quot;:{&quot;enabled&quot;:null,&quot;position&quot;:null},&quot;imageSharing&quot;:{&quot;enabled&quot;:null,&quot;wrapperClass&quot;:&quot; vertical \\n &quot;},&quot;popupSharing&quot;:{&quot;enabled&quot;:null,&quot;wrapperClass&quot;:&quot; vertical \\n &quot;}}\" class=\"grid-gallery grid-gallery-fixed \" style=\" width:100%; height:auto ; margin-left:auto; margin-right:auto; position:relative;\" > <div class=\"gallery-loading\"> <div class=\"blocks\"> <div class=\"block\"><\/div> <div class=\"block\"><\/div> <div class=\"block\"><\/div> <div class=\"block\"><\/div> <\/div> <\/div> <div class=\"gallery-sharing-top\"><\/div> <div id=\"photos-6\" class=\"grid-gallery-photos \" > <a id=\"gg-6-71\" class=\"gg-link \" data-attachment-id=\"271\" href=\"https:\/\/www.frejatravel.com\/wp-content\/uploads\/2018\/03\/mostar_freja15.jpg?gid=6\" target=\"_self\" title=\"mostar_freja15\" data-rel=\"prettyPhoto[pp_gal]\" style=\"border-radius: 0px;\" ><FIGURE class=\"grid-gallery-caption \" data-grid-gallery-type=\"quarter-slide-up\" data-index=\"0\" style=\"display:none;border-radius: 0px; ; margin: 5.3px; width:215px;\" ><div class=\"crop \" style=\" width:215px; height:215px; overflow:hidden; \"><img data-gg-real-image-href=\"https:\/\/www.frejatravel.com\/wp-content\/uploads\/2018\/03\/mostar_freja15-215x215.jpg\" src=\"\" class=\"ggImg ggLazyImg\" alt=\"mostar freja\" title=\"mostar_freja15\" data-description=\"mostar_freja15\" data-caption=\"mostar_freja15\" data-title=\"mostar_freja15\" style=\" width:215px; height:215px; \" \/><\/div><FIGCAPTION class=\"\" data-alpha=\"5\" style=\"color:#ffffff; background-color:#6f0000; font-size:14px; text-align:2; font-family:Default;\" ><div class=\"grid-gallery-figcaption-wrap\" style=\" vertical-align:; \"><\/div><\/FIGCAPTION><\/FIGURE><\/a> <a id=\"gg-6-72\" class=\"gg-link \" data-attachment-id=\"270\" href=\"https:\/\/www.frejatravel.com\/wp-content\/uploads\/2018\/03\/mostar_freja13.jpg?gid=6\" target=\"_self\" title=\"mostar_freja13\" data-rel=\"prettyPhoto[pp_gal]\" style=\"border-radius: 0px;\" ><FIGURE class=\"grid-gallery-caption \" data-grid-gallery-type=\"quarter-slide-up\" data-index=\"1\" style=\"display:none;border-radius: 0px; ; margin: 5.3px; width:215px;\" ><div class=\"crop \" style=\" width:215px; height:215px; overflow:hidden; \"><img data-gg-real-image-href=\"https:\/\/www.frejatravel.com\/wp-content\/uploads\/2018\/03\/mostar_freja13-215x215.jpg\" src=\"\" class=\"ggImg ggLazyImg\" alt=\"mostar freja\" title=\"mostar_freja13\" data-description=\"mostar_freja13\" data-caption=\"mostar_freja13\" data-title=\"mostar_freja13\" style=\" width:215px; height:215px; \" \/><\/div><FIGCAPTION class=\"\" data-alpha=\"5\" style=\"color:#ffffff; background-color:#6f0000; font-size:14px; text-align:2; font-family:Default;\" ><div class=\"grid-gallery-figcaption-wrap\" style=\" vertical-align:; \"><\/div><\/FIGCAPTION><\/FIGURE><\/a> <a id=\"gg-6-73\" class=\"gg-link \" data-attachment-id=\"269\" href=\"https:\/\/www.frejatravel.com\/wp-content\/uploads\/2018\/03\/mostar_freja12.jpg?gid=6\" target=\"_self\" title=\"mostar_freja12\" data-rel=\"prettyPhoto[pp_gal]\" style=\"border-radius: 0px;\" ><FIGURE class=\"grid-gallery-caption \" data-grid-gallery-type=\"quarter-slide-up\" data-index=\"2\" style=\"display:none;border-radius: 0px; ; margin: 5.3px; width:215px;\" ><div class=\"crop \" style=\" width:215px; height:215px; overflow:hidden; \"><img data-gg-real-image-href=\"https:\/\/www.frejatravel.com\/wp-content\/uploads\/2018\/03\/mostar_freja12-215x215.jpg\" src=\"\" class=\"ggImg ggLazyImg\" alt=\"mostar freja\" title=\"mostar_freja12\" data-description=\"mostar_freja12\" data-caption=\"mostar_freja12\" data-title=\"mostar_freja12\" style=\" width:215px; height:215px; \" \/><\/div><FIGCAPTION class=\"\" data-alpha=\"5\" style=\"color:#ffffff; background-color:#6f0000; font-size:14px; text-align:2; font-family:Default;\" ><div class=\"grid-gallery-figcaption-wrap\" style=\" vertical-align:; \"><\/div><\/FIGCAPTION><\/FIGURE><\/a> <a id=\"gg-6-74\" class=\"gg-link \" data-attachment-id=\"268\" href=\"https:\/\/www.frejatravel.com\/wp-content\/uploads\/2018\/03\/mostar_freja11.jpg?gid=6\" target=\"_self\" title=\"mostar_freja11\" data-rel=\"prettyPhoto[pp_gal]\" style=\"border-radius: 0px;\" ><FIGURE class=\"grid-gallery-caption \" data-grid-gallery-type=\"quarter-slide-up\" data-index=\"3\" style=\"display:none;border-radius: 0px; ; margin: 5.3px; width:215px;\" ><div class=\"crop \" style=\" width:215px; height:215px; overflow:hidden; \"><img data-gg-real-image-href=\"https:\/\/www.frejatravel.com\/wp-content\/uploads\/2018\/03\/mostar_freja11-215x215.jpg\" src=\"\" class=\"ggImg ggLazyImg\" alt=\"mostar freja\" title=\"mostar_freja11\" data-description=\"mostar_freja11\" data-caption=\"mostar_freja11\" data-title=\"mostar_freja11\" style=\" width:215px; height:215px; \" \/><\/div><FIGCAPTION class=\"\" data-alpha=\"5\" style=\"color:#ffffff; background-color:#6f0000; font-size:14px; text-align:2; font-family:Default;\" ><div class=\"grid-gallery-figcaption-wrap\" style=\" vertical-align:; \"><\/div><\/FIGCAPTION><\/FIGURE><\/a> <a id=\"gg-6-75\" class=\"gg-link \" data-attachment-id=\"267\" href=\"https:\/\/www.frejatravel.com\/wp-content\/uploads\/2018\/03\/mostar_freja10.jpg?gid=6\" target=\"_self\" title=\"mostar_freja10\" data-rel=\"prettyPhoto[pp_gal]\" style=\"border-radius: 0px;\" ><FIGURE class=\"grid-gallery-caption \" data-grid-gallery-type=\"quarter-slide-up\" data-index=\"4\" style=\"display:none;border-radius: 0px; ; margin: 5.3px; width:215px;\" ><div class=\"crop \" style=\" width:215px; height:215px; overflow:hidden; \"><img data-gg-real-image-href=\"https:\/\/www.frejatravel.com\/wp-content\/uploads\/2018\/03\/mostar_freja10-215x215.jpg\" src=\"\" class=\"ggImg ggLazyImg\" alt=\"mostar freja\" title=\"mostar_freja10\" data-description=\"mostar_freja10\" data-caption=\"mostar_freja10\" data-title=\"mostar_freja10\" style=\" width:215px; height:215px; \" \/><\/div><FIGCAPTION class=\"\" data-alpha=\"5\" style=\"color:#ffffff; background-color:#6f0000; font-size:14px; text-align:2; font-family:Default;\" ><div class=\"grid-gallery-figcaption-wrap\" style=\" vertical-align:; \"><\/div><\/FIGCAPTION><\/FIGURE><\/a> <a id=\"gg-6-76\" class=\"gg-link \" data-attachment-id=\"266\" href=\"https:\/\/www.frejatravel.com\/wp-content\/uploads\/2018\/03\/mostar_freja09.jpg?gid=6\" target=\"_self\" title=\"mostar_freja09\" data-rel=\"prettyPhoto[pp_gal]\" style=\"border-radius: 0px;\" ><FIGURE class=\"grid-gallery-caption \" data-grid-gallery-type=\"quarter-slide-up\" data-index=\"5\" style=\"display:none;border-radius: 0px; ; margin: 5.3px; width:215px;\" ><div class=\"crop \" style=\" width:215px; height:215px; overflow:hidden; \"><img data-gg-real-image-href=\"https:\/\/www.frejatravel.com\/wp-content\/uploads\/2018\/03\/mostar_freja09-215x215.jpg\" src=\"\" class=\"ggImg ggLazyImg\" alt=\"mostar freja\" title=\"mostar_freja09\" data-description=\"mostar_freja09\" data-caption=\"mostar_freja09\" data-title=\"mostar_freja09\" style=\" width:215px; height:215px; \" \/><\/div><FIGCAPTION class=\"\" data-alpha=\"5\" style=\"color:#ffffff; background-color:#6f0000; font-size:14px; text-align:2; font-family:Default;\" ><div class=\"grid-gallery-figcaption-wrap\" style=\" vertical-align:; \"><\/div><\/FIGCAPTION><\/FIGURE><\/a> <a id=\"gg-6-77\" class=\"gg-link \" data-attachment-id=\"265\" href=\"https:\/\/www.frejatravel.com\/wp-content\/uploads\/2018\/03\/mostar_freja08.jpg?gid=6\" target=\"_self\" title=\"mostar_freja08\" data-rel=\"prettyPhoto[pp_gal]\" style=\"border-radius: 0px;\" ><FIGURE class=\"grid-gallery-caption \" data-grid-gallery-type=\"quarter-slide-up\" data-index=\"6\" style=\"display:none;border-radius: 0px; ; margin: 5.3px; width:215px;\" ><div class=\"crop \" style=\" width:215px; height:215px; overflow:hidden; \"><img data-gg-real-image-href=\"https:\/\/www.frejatravel.com\/wp-content\/uploads\/2018\/03\/mostar_freja08-215x215.jpg\" src=\"\" class=\"ggImg ggLazyImg\" alt=\"mostar freja\" title=\"mostar_freja08\" data-description=\"mostar_freja08\" data-caption=\"mostar_freja08\" data-title=\"mostar_freja08\" style=\" width:215px; height:215px; \" \/><\/div><FIGCAPTION class=\"\" data-alpha=\"5\" style=\"color:#ffffff; background-color:#6f0000; font-size:14px; text-align:2; font-family:Default;\" ><div class=\"grid-gallery-figcaption-wrap\" style=\" vertical-align:; \"><\/div><\/FIGCAPTION><\/FIGURE><\/a> <a id=\"gg-6-78\" class=\"gg-link \" data-attachment-id=\"264\" href=\"https:\/\/www.frejatravel.com\/wp-content\/uploads\/2018\/03\/mostar_freja07.jpg?gid=6\" target=\"_self\" title=\"mostar_freja07\" data-rel=\"prettyPhoto[pp_gal]\" style=\"border-radius: 0px;\" ><FIGURE class=\"grid-gallery-caption \" data-grid-gallery-type=\"quarter-slide-up\" data-index=\"7\" style=\"display:none;border-radius: 0px; ; margin: 5.3px; width:215px;\" ><div class=\"crop \" style=\" width:215px; height:215px; overflow:hidden; \"><img data-gg-real-image-href=\"https:\/\/www.frejatravel.com\/wp-content\/uploads\/2018\/03\/mostar_freja07-215x215.jpg\" src=\"\" class=\"ggImg ggLazyImg\" alt=\"mostar freja\" title=\"mostar_freja07\" data-description=\"mostar_freja07\" data-caption=\"mostar_freja07\" data-title=\"mostar_freja07\" style=\" width:215px; height:215px; \" \/><\/div><FIGCAPTION class=\"\" data-alpha=\"5\" style=\"color:#ffffff; background-color:#6f0000; font-size:14px; text-align:2; font-family:Default;\" ><div class=\"grid-gallery-figcaption-wrap\" style=\" vertical-align:; \"><\/div><\/FIGCAPTION><\/FIGURE><\/a> <a id=\"gg-6-79\" class=\"gg-link \" data-attachment-id=\"263\" href=\"https:\/\/www.frejatravel.com\/wp-content\/uploads\/2018\/03\/mostar_freja06.jpg?gid=6\" target=\"_self\" title=\"mostar_freja06\" data-rel=\"prettyPhoto[pp_gal]\" style=\"border-radius: 0px;\" ><FIGURE class=\"grid-gallery-caption \" data-grid-gallery-type=\"quarter-slide-up\" data-index=\"8\" style=\"display:none;border-radius: 0px; ; margin: 5.3px; width:215px;\" ><div class=\"crop \" style=\" width:215px; height:215px; overflow:hidden; \"><img data-gg-real-image-href=\"https:\/\/www.frejatravel.com\/wp-content\/uploads\/2018\/03\/mostar_freja06-215x215.jpg\" src=\"\" class=\"ggImg ggLazyImg\" alt=\"mostar freja\" title=\"mostar_freja06\" data-description=\"mostar_freja06\" data-caption=\"mostar_freja06\" data-title=\"mostar_freja06\" style=\" width:215px; height:215px; \" \/><\/div><FIGCAPTION class=\"\" data-alpha=\"5\" style=\"color:#ffffff; background-color:#6f0000; font-size:14px; text-align:2; font-family:Default;\" ><div class=\"grid-gallery-figcaption-wrap\" style=\" vertical-align:; \"><\/div><\/FIGCAPTION><\/FIGURE><\/a> <a id=\"gg-6-80\" class=\"gg-link \" data-attachment-id=\"262\" href=\"https:\/\/www.frejatravel.com\/wp-content\/uploads\/2018\/03\/mostar_freja05.jpg?gid=6\" target=\"_self\" title=\"mostar_freja05\" data-rel=\"prettyPhoto[pp_gal]\" style=\"border-radius: 0px;\" ><FIGURE class=\"grid-gallery-caption \" data-grid-gallery-type=\"quarter-slide-up\" data-index=\"9\" style=\"display:none;border-radius: 0px; ; margin: 5.3px; width:215px;\" ><div class=\"crop \" style=\" width:215px; height:215px; overflow:hidden; \"><img data-gg-real-image-href=\"https:\/\/www.frejatravel.com\/wp-content\/uploads\/2018\/03\/mostar_freja05-215x215.jpg\" src=\"\" class=\"ggImg ggLazyImg\" alt=\"mostar freja\" title=\"mostar_freja05\" data-description=\"mostar_freja05\" data-caption=\"mostar_freja05\" data-title=\"mostar_freja05\" style=\" width:215px; height:215px; \" \/><\/div><FIGCAPTION class=\"\" data-alpha=\"5\" style=\"color:#ffffff; background-color:#6f0000; font-size:14px; text-align:2; font-family:Default;\" ><div class=\"grid-gallery-figcaption-wrap\" style=\" vertical-align:; \"><\/div><\/FIGCAPTION><\/FIGURE><\/a> <a id=\"gg-6-81\" class=\"gg-link \" data-attachment-id=\"261\" href=\"https:\/\/www.frejatravel.com\/wp-content\/uploads\/2018\/03\/mostar_freja04.jpg?gid=6\" target=\"_self\" title=\"mostar_freja04\" data-rel=\"prettyPhoto[pp_gal]\" style=\"border-radius: 0px;\" ><FIGURE class=\"grid-gallery-caption \" data-grid-gallery-type=\"quarter-slide-up\" data-index=\"10\" style=\"display:none;border-radius: 0px; ; margin: 5.3px; width:215px;\" ><div class=\"crop \" style=\" width:215px; height:215px; overflow:hidden; \"><img data-gg-real-image-href=\"https:\/\/www.frejatravel.com\/wp-content\/uploads\/2018\/03\/mostar_freja04-215x215.jpg\" src=\"\" class=\"ggImg ggLazyImg\" alt=\"mostar freja\" title=\"mostar_freja04\" data-description=\"mostar_freja04\" data-caption=\"mostar_freja04\" data-title=\"mostar_freja04\" style=\" width:215px; height:215px; \" \/><\/div><FIGCAPTION class=\"\" data-alpha=\"5\" style=\"color:#ffffff; background-color:#6f0000; font-size:14px; text-align:2; font-family:Default;\" ><div class=\"grid-gallery-figcaption-wrap\" style=\" vertical-align:; \"><\/div><\/FIGCAPTION><\/FIGURE><\/a> <a id=\"gg-6-82\" class=\"gg-link \" data-attachment-id=\"260\" href=\"https:\/\/www.frejatravel.com\/wp-content\/uploads\/2018\/03\/mostar_freja03.jpg?gid=6\" target=\"_self\" title=\"mostar_freja03\" data-rel=\"prettyPhoto[pp_gal]\" style=\"border-radius: 0px;\" ><FIGURE class=\"grid-gallery-caption \" data-grid-gallery-type=\"quarter-slide-up\" data-index=\"11\" style=\"display:none;border-radius: 0px; ; margin: 5.3px; width:215px;\" ><div class=\"crop \" style=\" width:215px; height:215px; overflow:hidden; \"><img data-gg-real-image-href=\"https:\/\/www.frejatravel.com\/wp-content\/uploads\/2018\/03\/mostar_freja03-215x215.jpg\" src=\"\" class=\"ggImg ggLazyImg\" alt=\"mostar freja\" title=\"mostar_freja03\" data-description=\"mostar_freja03\" data-caption=\"mostar_freja03\" data-title=\"mostar_freja03\" style=\" width:215px; height:215px; \" \/><\/div><FIGCAPTION class=\"\" data-alpha=\"5\" style=\"color:#ffffff; background-color:#6f0000; font-size:14px; text-align:2; font-family:Default;\" ><div class=\"grid-gallery-figcaption-wrap\" style=\" vertical-align:; \"><\/div><\/FIGCAPTION><\/FIGURE><\/a> <a id=\"gg-6-83\" class=\"gg-link \" data-attachment-id=\"259\" href=\"https:\/\/www.frejatravel.com\/wp-content\/uploads\/2018\/03\/mostar_freja02.jpg?gid=6\" target=\"_self\" title=\"mostar_freja02\" data-rel=\"prettyPhoto[pp_gal]\" style=\"border-radius: 0px;\" ><FIGURE class=\"grid-gallery-caption \" data-grid-gallery-type=\"quarter-slide-up\" data-index=\"12\" style=\"display:none;border-radius: 0px; ; margin: 5.3px; width:215px;\" ><div class=\"crop \" style=\" width:215px; height:215px; overflow:hidden; \"><img data-gg-real-image-href=\"https:\/\/www.frejatravel.com\/wp-content\/uploads\/2018\/03\/mostar_freja02-215x215.jpg\" src=\"\" class=\"ggImg ggLazyImg\" alt=\"mostar freja\" title=\"mostar_freja02\" data-description=\"mostar_freja02\" data-caption=\"mostar_freja02\" data-title=\"mostar_freja02\" style=\" width:215px; height:215px; \" \/><\/div><FIGCAPTION class=\"\" data-alpha=\"5\" style=\"color:#ffffff; background-color:#6f0000; font-size:14px; text-align:2; font-family:Default;\" ><div class=\"grid-gallery-figcaption-wrap\" style=\" vertical-align:; \"><\/div><\/FIGCAPTION><\/FIGURE><\/a> <a id=\"gg-6-84\" class=\"gg-link \" data-attachment-id=\"258\" href=\"https:\/\/www.frejatravel.com\/wp-content\/uploads\/2018\/03\/mostar_freja01.jpg?gid=6\" target=\"_self\" title=\"mostar_freja01\" data-rel=\"prettyPhoto[pp_gal]\" style=\"border-radius: 0px;\" ><FIGURE class=\"grid-gallery-caption \" data-grid-gallery-type=\"quarter-slide-up\" data-index=\"13\" style=\"display:none;border-radius: 0px; ; margin: 5.3px; width:215px;\" ><div class=\"crop \" style=\" width:215px; height:215px; overflow:hidden; \"><img data-gg-real-image-href=\"https:\/\/www.frejatravel.com\/wp-content\/uploads\/2018\/03\/mostar_freja01-215x215.jpg\" src=\"\" class=\"ggImg ggLazyImg\" alt=\"mostar freja\" title=\"mostar_freja01\" data-description=\"mostar_freja01\" data-caption=\"mostar_freja01\" data-title=\"mostar_freja01\" style=\" width:215px; height:215px; \" \/><\/div><FIGCAPTION class=\"\" data-alpha=\"5\" style=\"color:#ffffff; background-color:#6f0000; font-size:14px; text-align:2; font-family:Default;\" ><div class=\"grid-gallery-figcaption-wrap\" style=\" vertical-align:; \"><\/div><\/FIGCAPTION><\/FIGURE><\/a> <a id=\"gg-6-85\" class=\"gg-link \" data-attachment-id=\"257\" href=\"https:\/\/www.frejatravel.com\/wp-content\/uploads\/2018\/03\/kroa_freja20.jpg?gid=6\" target=\"_self\" title=\"kroa_freja20\" data-rel=\"prettyPhoto[pp_gal]\" style=\"border-radius: 0px;\" ><FIGURE class=\"grid-gallery-caption \" data-grid-gallery-type=\"quarter-slide-up\" data-index=\"14\" style=\"display:none;border-radius: 0px; ; margin: 5.3px; width:215px;\" ><div class=\"crop \" style=\" width:215px; height:215px; overflow:hidden; \"><img data-gg-real-image-href=\"https:\/\/www.frejatravel.com\/wp-content\/uploads\/2018\/03\/kroa_freja20-215x215.jpg\" src=\"\" class=\"ggImg ggLazyImg\" alt=\"freja ture\" title=\"kroa_freja20\" data-description=\"kroa_freja20\" data-caption=\"kroa_freja20\" data-title=\"kroa_freja20\" style=\" width:215px; height:215px; \" \/><\/div><FIGCAPTION class=\"\" data-alpha=\"5\" style=\"color:#ffffff; background-color:#6f0000; font-size:14px; text-align:2; font-family:Default;\" ><div class=\"grid-gallery-figcaption-wrap\" style=\" vertical-align:; \"><\/div><\/FIGCAPTION><\/FIGURE><\/a> <div class=\"grid-gallery-clearfix\"><\/div> <\/div> <div class=\"gallery-sharing-bottom\"><\/div> <div class=\"grid-gallery-clearfix\"><\/div> <\/div> <!-- Gallery by Supsystic plugin 1.15.4 --><\/p>","protected":false},"excerpt":{"rendered":"<p>Mostar anses \u00e5 v\u00e6re en av de vakreste byer i Bosnia og Herzegovina. Byens arkitektur er en kombinasjon av gammel osmansk arkitektur og \u00f8sterrisk stil. Mostar er byen preget av to kulturer, to religioner, en elv som deler byen og en bro som forener folket. \u00a0Under rundturen be\u00f8ker vi blant annet den gamle basaren, tyrkiske <a class=\"read-more\" href=\"https:\/\/www.frejatravel.com\/nb\/mostar-orientens-fonster\/\">READ MORE<\/a><\/p>\n","protected":false},"author":1,"featured_media":271,"parent":0,"menu_order":0,"comment_status":"closed","ping_status":"closed","template":"","meta":[],"yst_prominent_words":[247,241],"_links":{"self":[{"href":"https:\/\/www.frejatravel.com\/nb\/wp-json\/wp\/v2\/pages\/435"}],"collection":[{"href":"https:\/\/www.frejatravel.com\/nb\/wp-json\/wp\/v2\/pages"}],"about":[{"href":"https:\/\/www.frejatravel.com\/nb\/wp-json\/wp\/v2\/types\/page"}],"author":[{"embeddable":true,"href":"https:\/\/www.frejatravel.com\/nb\/wp-json\/wp\/v2\/users\/1"}],"replies":[{"embeddable":true,"href":"https:\/\/www.frejatravel.com\/nb\/wp-json\/wp\/v2\/comments?post=435"}],"version-history":[{"count":6,"href":"https:\/\/www.frejatravel.com\/nb\/wp-json\/wp\/v2\/pages\/435\/revisions"}],"predecessor-version":[{"id":588,"href":"https:\/\/www.frejatravel.com\/nb\/wp-json\/wp\/v2\/pages\/435\/revisions\/588"}],"wp:featuredmedia":[{"embeddable":true,"href":"https:\/\/www.frejatravel.com\/nb\/wp-json\/wp\/v2\/media\/271"}],"wp:attachment":[{"href":"https:\/\/www.frejatravel.com\/nb\/wp-json\/wp\/v2\/media?parent=435"}],"wp:term":[{"taxonomy":"yst_prominent_words","embeddable":true,"href":"https:\/\/www.frejatravel.com\/nb\/wp-json\/wp\/v2\/yst_prominent_words?post=435"}],"curies":[{"name":"wp","href":"https:\/\/api.w.org\/{rel}","templated":true}]}}