{"id":411,"date":"2018-03-21T17:37:04","date_gmt":"2018-03-21T17:37:04","guid":{"rendered":"http:\/\/www.frejatravel.com\/?page_id=411"},"modified":"2018-04-17T21:49:42","modified_gmt":"2018-04-17T21:49:42","slug":"batutflykt-en-dag-kroatiens-skargard","status":"publish","type":"page","link":"https:\/\/www.frejatravel.com\/nb\/batutflykt-en-dag-kroatiens-skargard\/","title":{"rendered":"B\u00e5tutflukt \u2013 En dag i Kroatias skj\u00e6rg\u00e5rd"},"content":{"rendered":"<p><span style=\"font-size: 14pt; font-family: 'book antiqua', palatino, serif;\"><img loading=\"lazy\" class=\"alignleft wp-image-274\" src=\"https:\/\/www.frejatravel.com\/wp-content\/uploads\/2018\/03\/odin_freja3-300x225.jpg\" alt=\"odin freja\" width=\"180\" height=\"135\" srcset=\"https:\/\/www.frejatravel.com\/wp-content\/uploads\/2018\/03\/odin_freja3-300x225.jpg 300w, https:\/\/www.frejatravel.com\/wp-content\/uploads\/2018\/03\/odin_freja3-768x576.jpg 768w, https:\/\/www.frejatravel.com\/wp-content\/uploads\/2018\/03\/odin_freja3.jpg 1024w\" sizes=\"(max-width: 180px) 100vw, 180px\" \/><\/span><span style=\"color: #000000; font-size: 14pt; font-family: 'book antiqua', palatino, serif;\">En herlig avslappende dag ute til sj\u00f8s.\u00a0 Vi reiser til en av de pittoreske sm\u00e5 tettsteder som ligger p\u00e5 \u00f8yen Hvar som ble k\u00e5ret til en av verdens 10 vakreste \u00f8yer av avisen Forbes, den mest solrike plassen i Kroatia. \u00a0Vi f\u00e5r tid til \u00e5 utforske tettstedet f\u00f8r det er tid for lunsj \u00a0p\u00e5 b\u00e5ten (grillet fisk eller kylling og salat som serveres med vin). Deretter reiser vi til \u00f8yen Bra\u010d og bes\u00f8ker den lille byen, ofte nevnt, \u00a0Bol som er kjent for stranden Zlatni Rat (det gylne horn). Her f\u00e5r vi egen tid til \u00e5 slappe av i solen, bade eller \u00a0bli bedre kjent med den koselige byen blant tette gater og \u00a0autentiske stenhus.<\/span><\/p>\n<p><span style=\"color: #000000; font-size: 14pt; font-family: 'book antiqua', palatino, serif;\">En dag dere f\u00e5r muligheten \u00e5 oppleve skj\u00e6rg\u00e5rden i Dalmatia og det rolige liv p\u00e5 \u00f8yene v\u00e5re.<\/span><\/p>\n<p><span style=\"font-size: 14pt; font-family: 'book antiqua', palatino, serif; color: #000000;\">\u00a0<\/span><\/p>\n<p><div id=\"grid-gallery-3-19069\" data-gg-id=\"3\" data-title=\"Brod\" data-grid-type=\"0\" data-offset=\"5.3\" data-area-position=\"center\" data-icons=\"false\" data-preloader=\"true\" data-width=\"215\" data-height=\"215\" data-padding=\"0\" data-quicksand=\"disabled\" data-quicksand-duration=\"none\" data-popup-theme=\"theme_6\" data-popup-type=\"pretty-photo\" data-popup-image-text=\"data-description\" data-popup-widthsize=\"auto\" data-popup-heightsize=\"auto\" data-popup-i18n-words=\"{&quot;close&quot;:&quot;close&quot;,&quot;next&quot;:&quot;next&quot;,&quot;previous&quot;:&quot;previous&quot;,&quot;start_slideshow&quot;:&quot;start slideshow&quot;,&quot;stop_slideshow&quot;:&quot;stop slideshow&quot;,&quot;image&quot;:&quot;image&quot;,&quot;of&quot;:&quot;of&quot;,&quot;prev&quot;:&quot;prev&quot;,&quot;cExpand&quot;:&quot;Expand&quot;,&quot;cPrevious&quot;:&quot;Previous&quot;,&quot;cNext&quot;:&quot;Next&quot;,&quot;cExpandStr&quot;:&quot;Expand the image&quot;,&quot;cRotate&quot;:&quot;Rotate&quot;,&quot;cDetails&quot;:&quot;Details&quot;}\" data-popup-slideshow=\"false\" data-popup-slideshow-speed=\"2500\" data-popup-hoverstop=\"true\" data-popup-slideshow-auto=\"false\" data-popup-background=\"\" data-popup-transparency=\"30\" data-popup-disable-history=\"\" data-popup-disable-changed-url=\"\" data-popup-border-type=\"solid\" data-popup-border-color=\"\" data-popup-border-width=\"\" data-popup-border-enable=\"\" data-fullscreen=\"false\" data-hide-tooltip=\"false\" data-caption-font-family=\"Default\" data-caption-text-size=\"14px\" data-is-mobile=\"0\" data-caption-mobile=\"false\" data-hide-long-tltp-title=\"0\" data-caption-disabled-on-mobile=\"false\" data-lazyload-enable='1' data-lazyload-effect=\"show\" data-lazyload-effect-duration=\"400\" data-popup-placement-type=\"0\" data-social-sharing=\"{&quot;enabled&quot;:&quot;&quot;,&quot;gallerySharing&quot;:{&quot;enabled&quot;:null,&quot;position&quot;:null},&quot;imageSharing&quot;:{&quot;enabled&quot;:null,&quot;wrapperClass&quot;:&quot; vertical \\n &quot;},&quot;popupSharing&quot;:{&quot;enabled&quot;:null,&quot;wrapperClass&quot;:&quot; vertical \\n &quot;}}\" class=\"grid-gallery grid-gallery-fixed \" style=\" width:100%; height:auto ; margin-left:auto; margin-right:auto; position:relative;\" > <div class=\"gallery-loading\"> <div class=\"blocks\"> <div class=\"block\"><\/div> <div class=\"block\"><\/div> <div class=\"block\"><\/div> <div class=\"block\"><\/div> <\/div> <\/div> <div class=\"gallery-sharing-top\"><\/div> <div id=\"photos-3\" class=\"grid-gallery-photos \" > <a id=\"gg-3-266\" class=\"gg-link \" data-attachment-id=\"646\" href=\"https:\/\/www.frejatravel.com\/wp-content\/uploads\/2022\/05\/0.jpg?gid=3\" target=\"_self\" title=\"0\" data-rel=\"prettyPhoto[pp_gal]\" style=\"border-radius: 0px;\" ><FIGURE class=\"grid-gallery-caption \" data-grid-gallery-type=\"quarter-slide-up\" data-index=\"0\" style=\"display:none;border-radius: 0px; ; margin: 5.3px; width:215px;\" ><div class=\"crop \" style=\" width:215px; height:215px; overflow:hidden; \"><img data-gg-real-image-href=\"https:\/\/www.frejatravel.com\/wp-content\/uploads\/2022\/05\/0-215x215.jpg\" src=\"https:\/\/www.frejatravel.com\/wp-content\/plugins\/gallery-by-supsystic\/src\/GridGallery\/Galleries\/assets\/img\/loading.gif\" class=\"ggImg ggLazyImg\" alt=\"0\" title=\"0\" data-description=\"0\" data-caption=\"0\" data-title=\"0\" style=\" width:215px; height:215px; \" \/><\/div><FIGCAPTION class=\"\" data-alpha=\"5\" style=\"color:#ffffff; background-color:#6f0000; font-size:14px; text-align:left; font-family:Default;\" ><div class=\"grid-gallery-figcaption-wrap\" style=\" vertical-align:top; \"><\/div><\/FIGCAPTION><\/FIGURE><\/a> <a id=\"gg-3-267\" class=\"gg-link \" data-attachment-id=\"647\" href=\"https:\/\/www.frejatravel.com\/wp-content\/uploads\/2022\/05\/1.jpg?gid=3\" target=\"_self\" title=\"1\" data-rel=\"prettyPhoto[pp_gal]\" style=\"border-radius: 0px;\" ><FIGURE class=\"grid-gallery-caption \" data-grid-gallery-type=\"quarter-slide-up\" data-index=\"1\" style=\"display:none;border-radius: 0px; ; margin: 5.3px; width:215px;\" ><div class=\"crop \" style=\" width:215px; height:215px; overflow:hidden; \"><img data-gg-real-image-href=\"https:\/\/www.frejatravel.com\/wp-content\/uploads\/2022\/05\/1-215x215.jpg\" src=\"https:\/\/www.frejatravel.com\/wp-content\/plugins\/gallery-by-supsystic\/src\/GridGallery\/Galleries\/assets\/img\/loading.gif\" class=\"ggImg ggLazyImg\" alt=\"1\" title=\"1\" data-description=\"1\" data-caption=\"1\" data-title=\"1\" style=\" width:215px; height:215px; \" \/><\/div><FIGCAPTION class=\"\" data-alpha=\"5\" style=\"color:#ffffff; background-color:#6f0000; font-size:14px; text-align:left; font-family:Default;\" ><div class=\"grid-gallery-figcaption-wrap\" style=\" vertical-align:top; \"><\/div><\/FIGCAPTION><\/FIGURE><\/a> <a id=\"gg-3-268\" class=\"gg-link \" data-attachment-id=\"648\" href=\"https:\/\/www.frejatravel.com\/wp-content\/uploads\/2022\/05\/2.jpg?gid=3\" target=\"_self\" title=\"2\" data-rel=\"prettyPhoto[pp_gal]\" style=\"border-radius: 0px;\" ><FIGURE class=\"grid-gallery-caption \" data-grid-gallery-type=\"quarter-slide-up\" data-index=\"2\" style=\"display:none;border-radius: 0px; ; margin: 5.3px; width:215px;\" ><div class=\"crop \" style=\" width:215px; height:215px; overflow:hidden; \"><img data-gg-real-image-href=\"https:\/\/www.frejatravel.com\/wp-content\/uploads\/2022\/05\/2-215x215.jpg\" src=\"https:\/\/www.frejatravel.com\/wp-content\/plugins\/gallery-by-supsystic\/src\/GridGallery\/Galleries\/assets\/img\/loading.gif\" class=\"ggImg ggLazyImg\" alt=\"2\" title=\"2\" data-description=\"2\" data-caption=\"2\" data-title=\"2\" style=\" width:215px; height:215px; \" \/><\/div><FIGCAPTION class=\"\" data-alpha=\"5\" style=\"color:#ffffff; background-color:#6f0000; font-size:14px; text-align:left; font-family:Default;\" ><div class=\"grid-gallery-figcaption-wrap\" style=\" vertical-align:top; \"><\/div><\/FIGCAPTION><\/FIGURE><\/a> <a id=\"gg-3-269\" class=\"gg-link \" data-attachment-id=\"649\" href=\"https:\/\/www.frejatravel.com\/wp-content\/uploads\/2022\/05\/3.jpg?gid=3\" target=\"_self\" title=\"3\" data-rel=\"prettyPhoto[pp_gal]\" style=\"border-radius: 0px;\" ><FIGURE class=\"grid-gallery-caption \" data-grid-gallery-type=\"quarter-slide-up\" data-index=\"3\" style=\"display:none;border-radius: 0px; ; margin: 5.3px; width:215px;\" ><div class=\"crop \" style=\" width:215px; height:215px; overflow:hidden; \"><img data-gg-real-image-href=\"https:\/\/www.frejatravel.com\/wp-content\/uploads\/2022\/05\/3-215x215.jpg\" src=\"https:\/\/www.frejatravel.com\/wp-content\/plugins\/gallery-by-supsystic\/src\/GridGallery\/Galleries\/assets\/img\/loading.gif\" class=\"ggImg ggLazyImg\" alt=\"3\" title=\"3\" data-description=\"3\" data-caption=\"3\" data-title=\"3\" style=\" width:215px; height:215px; \" \/><\/div><FIGCAPTION class=\"\" data-alpha=\"5\" style=\"color:#ffffff; background-color:#6f0000; font-size:14px; text-align:left; font-family:Default;\" ><div class=\"grid-gallery-figcaption-wrap\" style=\" vertical-align:top; \"><\/div><\/FIGCAPTION><\/FIGURE><\/a> <a id=\"gg-3-270\" class=\"gg-link \" data-attachment-id=\"650\" href=\"https:\/\/www.frejatravel.com\/wp-content\/uploads\/2022\/05\/4.jpg?gid=3\" target=\"_self\" title=\"4\" data-rel=\"prettyPhoto[pp_gal]\" style=\"border-radius: 0px;\" ><FIGURE class=\"grid-gallery-caption \" data-grid-gallery-type=\"quarter-slide-up\" data-index=\"4\" style=\"display:none;border-radius: 0px; ; margin: 5.3px; width:215px;\" ><div class=\"crop \" style=\" width:215px; height:215px; overflow:hidden; \"><img data-gg-real-image-href=\"https:\/\/www.frejatravel.com\/wp-content\/uploads\/2022\/05\/4-215x215.jpg\" src=\"https:\/\/www.frejatravel.com\/wp-content\/plugins\/gallery-by-supsystic\/src\/GridGallery\/Galleries\/assets\/img\/loading.gif\" class=\"ggImg ggLazyImg\" alt=\"4\" title=\"4\" data-description=\"4\" data-caption=\"4\" data-title=\"4\" style=\" width:215px; height:215px; \" \/><\/div><FIGCAPTION class=\"\" data-alpha=\"5\" style=\"color:#ffffff; background-color:#6f0000; font-size:14px; text-align:left; font-family:Default;\" ><div class=\"grid-gallery-figcaption-wrap\" style=\" vertical-align:top; \"><\/div><\/FIGCAPTION><\/FIGURE><\/a> <a id=\"gg-3-271\" class=\"gg-link \" data-attachment-id=\"651\" href=\"https:\/\/www.frejatravel.com\/wp-content\/uploads\/2022\/05\/5.jpg?gid=3\" target=\"_self\" title=\"5\" data-rel=\"prettyPhoto[pp_gal]\" style=\"border-radius: 0px;\" ><FIGURE class=\"grid-gallery-caption \" data-grid-gallery-type=\"quarter-slide-up\" data-index=\"5\" style=\"display:none;border-radius: 0px; ; margin: 5.3px; width:215px;\" ><div class=\"crop \" style=\" width:215px; height:215px; overflow:hidden; \"><img data-gg-real-image-href=\"https:\/\/www.frejatravel.com\/wp-content\/uploads\/2022\/05\/5-215x215.jpg\" src=\"https:\/\/www.frejatravel.com\/wp-content\/plugins\/gallery-by-supsystic\/src\/GridGallery\/Galleries\/assets\/img\/loading.gif\" class=\"ggImg ggLazyImg\" alt=\"5\" title=\"5\" data-description=\"5\" data-caption=\"5\" data-title=\"5\" style=\" width:215px; height:215px; \" \/><\/div><FIGCAPTION class=\"\" data-alpha=\"5\" style=\"color:#ffffff; background-color:#6f0000; font-size:14px; text-align:left; font-family:Default;\" ><div class=\"grid-gallery-figcaption-wrap\" style=\" vertical-align:top; \"><\/div><\/FIGCAPTION><\/FIGURE><\/a> <a id=\"gg-3-272\" class=\"gg-link \" data-attachment-id=\"652\" href=\"https:\/\/www.frejatravel.com\/wp-content\/uploads\/2022\/05\/6.jpg?gid=3\" target=\"_self\" title=\"6\" data-rel=\"prettyPhoto[pp_gal]\" style=\"border-radius: 0px;\" ><FIGURE class=\"grid-gallery-caption \" data-grid-gallery-type=\"quarter-slide-up\" data-index=\"6\" style=\"display:none;border-radius: 0px; ; margin: 5.3px; width:215px;\" ><div class=\"crop \" style=\" width:215px; height:215px; overflow:hidden; \"><img data-gg-real-image-href=\"https:\/\/www.frejatravel.com\/wp-content\/uploads\/2022\/05\/6-215x215.jpg\" src=\"https:\/\/www.frejatravel.com\/wp-content\/plugins\/gallery-by-supsystic\/src\/GridGallery\/Galleries\/assets\/img\/loading.gif\" class=\"ggImg ggLazyImg\" alt=\"6\" title=\"6\" data-description=\"6\" data-caption=\"6\" data-title=\"6\" style=\" width:215px; height:215px; \" \/><\/div><FIGCAPTION class=\"\" data-alpha=\"5\" style=\"color:#ffffff; background-color:#6f0000; font-size:14px; text-align:left; font-family:Default;\" ><div class=\"grid-gallery-figcaption-wrap\" style=\" vertical-align:top; \"><\/div><\/FIGCAPTION><\/FIGURE><\/a> <a id=\"gg-3-273\" class=\"gg-link \" data-attachment-id=\"653\" href=\"https:\/\/www.frejatravel.com\/wp-content\/uploads\/2022\/05\/097.jpg?gid=3\" target=\"_self\" title=\"097\" data-rel=\"prettyPhoto[pp_gal]\" style=\"border-radius: 0px;\" ><FIGURE class=\"grid-gallery-caption \" data-grid-gallery-type=\"quarter-slide-up\" data-index=\"7\" style=\"display:none;border-radius: 0px; ; margin: 5.3px; width:215px;\" ><div class=\"crop \" style=\" width:215px; height:215px; overflow:hidden; \"><img data-gg-real-image-href=\"https:\/\/www.frejatravel.com\/wp-content\/uploads\/2022\/05\/097-215x215.jpg\" src=\"https:\/\/www.frejatravel.com\/wp-content\/plugins\/gallery-by-supsystic\/src\/GridGallery\/Galleries\/assets\/img\/loading.gif\" class=\"ggImg ggLazyImg\" alt=\"097\" title=\"097\" data-description=\"097\" data-caption=\"097\" data-title=\"097\" style=\" width:215px; height:215px; \" \/><\/div><FIGCAPTION class=\"\" data-alpha=\"5\" style=\"color:#ffffff; background-color:#6f0000; font-size:14px; text-align:left; font-family:Default;\" ><div class=\"grid-gallery-figcaption-wrap\" style=\" vertical-align:top; \"><\/div><\/FIGCAPTION><\/FIGURE><\/a> <a id=\"gg-3-274\" class=\"gg-link \" data-attachment-id=\"654\" href=\"https:\/\/www.frejatravel.com\/wp-content\/uploads\/2022\/05\/130.jpg?gid=3\" target=\"_self\" title=\"130\" data-rel=\"prettyPhoto[pp_gal]\" style=\"border-radius: 0px;\" ><FIGURE class=\"grid-gallery-caption \" data-grid-gallery-type=\"quarter-slide-up\" data-index=\"8\" style=\"display:none;border-radius: 0px; ; margin: 5.3px; width:215px;\" ><div class=\"crop \" style=\" width:215px; height:215px; overflow:hidden; \"><img data-gg-real-image-href=\"https:\/\/www.frejatravel.com\/wp-content\/uploads\/2022\/05\/130-215x215.jpg\" src=\"https:\/\/www.frejatravel.com\/wp-content\/plugins\/gallery-by-supsystic\/src\/GridGallery\/Galleries\/assets\/img\/loading.gif\" class=\"ggImg ggLazyImg\" alt=\"130\" title=\"130\" data-description=\"130\" data-caption=\"130\" data-title=\"130\" style=\" width:215px; height:215px; \" \/><\/div><FIGCAPTION class=\"\" data-alpha=\"5\" style=\"color:#ffffff; background-color:#6f0000; font-size:14px; text-align:left; font-family:Default;\" ><div class=\"grid-gallery-figcaption-wrap\" style=\" vertical-align:top; \"><\/div><\/FIGCAPTION><\/FIGURE><\/a> <a id=\"gg-3-275\" class=\"gg-link \" data-attachment-id=\"655\" href=\"https:\/\/www.frejatravel.com\/wp-content\/uploads\/2022\/05\/149.jpg?gid=3\" target=\"_self\" title=\"149\" data-rel=\"prettyPhoto[pp_gal]\" style=\"border-radius: 0px;\" ><FIGURE class=\"grid-gallery-caption \" data-grid-gallery-type=\"quarter-slide-up\" data-index=\"9\" style=\"display:none;border-radius: 0px; ; margin: 5.3px; width:215px;\" ><div class=\"crop \" style=\" width:215px; height:215px; overflow:hidden; \"><img data-gg-real-image-href=\"https:\/\/www.frejatravel.com\/wp-content\/uploads\/2022\/05\/149-215x215.jpg\" src=\"https:\/\/www.frejatravel.com\/wp-content\/plugins\/gallery-by-supsystic\/src\/GridGallery\/Galleries\/assets\/img\/loading.gif\" class=\"ggImg ggLazyImg\" alt=\"149\" title=\"149\" data-description=\"149\" data-caption=\"149\" data-title=\"149\" style=\" width:215px; height:215px; \" \/><\/div><FIGCAPTION class=\"\" data-alpha=\"5\" style=\"color:#ffffff; background-color:#6f0000; font-size:14px; text-align:left; font-family:Default;\" ><div class=\"grid-gallery-figcaption-wrap\" style=\" vertical-align:top; \"><\/div><\/FIGCAPTION><\/FIGURE><\/a> <div class=\"grid-gallery-clearfix\"><\/div> <\/div> <div class=\"gallery-sharing-bottom\"><\/div> <div class=\"grid-gallery-clearfix\"><\/div> <\/div> <!-- Gallery by Supsystic plugin 1.15.4 --><\/p>","protected":false},"excerpt":{"rendered":"<p>En herlig avslappende dag ute til sj\u00f8s.\u00a0 Vi reiser til en av de pittoreske sm\u00e5 tettsteder som ligger p\u00e5 \u00f8yen Hvar som ble k\u00e5ret til en av verdens 10 vakreste \u00f8yer av avisen Forbes, den mest solrike plassen i Kroatia. \u00a0Vi f\u00e5r tid til \u00e5 utforske tettstedet f\u00f8r det er tid for lunsj \u00a0p\u00e5 b\u00e5ten <a class=\"read-more\" href=\"https:\/\/www.frejatravel.com\/nb\/batutflykt-en-dag-kroatiens-skargard\/\">READ MORE<\/a><\/p>\n","protected":false},"author":1,"featured_media":274,"parent":0,"menu_order":0,"comment_status":"closed","ping_status":"closed","template":"","meta":[],"yst_prominent_words":[],"_links":{"self":[{"href":"https:\/\/www.frejatravel.com\/nb\/wp-json\/wp\/v2\/pages\/411"}],"collection":[{"href":"https:\/\/www.frejatravel.com\/nb\/wp-json\/wp\/v2\/pages"}],"about":[{"href":"https:\/\/www.frejatravel.com\/nb\/wp-json\/wp\/v2\/types\/page"}],"author":[{"embeddable":true,"href":"https:\/\/www.frejatravel.com\/nb\/wp-json\/wp\/v2\/users\/1"}],"replies":[{"embeddable":true,"href":"https:\/\/www.frejatravel.com\/nb\/wp-json\/wp\/v2\/comments?post=411"}],"version-history":[{"count":9,"href":"https:\/\/www.frejatravel.com\/nb\/wp-json\/wp\/v2\/pages\/411\/revisions"}],"predecessor-version":[{"id":596,"href":"https:\/\/www.frejatravel.com\/nb\/wp-json\/wp\/v2\/pages\/411\/revisions\/596"}],"wp:featuredmedia":[{"embeddable":true,"href":"https:\/\/www.frejatravel.com\/nb\/wp-json\/wp\/v2\/media\/274"}],"wp:attachment":[{"href":"https:\/\/www.frejatravel.com\/nb\/wp-json\/wp\/v2\/media?parent=411"}],"wp:term":[{"taxonomy":"yst_prominent_words","embeddable":true,"href":"https:\/\/www.frejatravel.com\/nb\/wp-json\/wp\/v2\/yst_prominent_words?post=411"}],"curies":[{"name":"wp","href":"https:\/\/api.w.org\/{rel}","templated":true}]}}