{"id":4,"date":"2018-02-25T20:19:00","date_gmt":"2018-02-25T20:19:00","guid":{"rendered":"http:\/\/www.frejatravel.com\/?page_id=4"},"modified":"2018-04-17T21:09:37","modified_gmt":"2018-04-17T21:09:37","slug":"home","status":"publish","type":"page","link":"https:\/\/www.frejatravel.com\/hr\/","title":{"rendered":"Home"},"content":{"rendered":"<p><\/p>\n<h1><strong><span style=\"font-family: 'book antiqua', palatino, serif; font-size: 24pt;\">Dobrodo\u0161li u Freja Travel!<\/span><\/strong><\/h1>\n<p><img loading=\"lazy\" class=\"alignleft wp-image-139\" src=\"https:\/\/www.frejatravel.com\/wp-content\/uploads\/2018\/03\/freja_travel_team-300x300.jpg\" alt=\"Freja travel Makarska\" width=\"232\" height=\"232\" srcset=\"https:\/\/www.frejatravel.com\/wp-content\/uploads\/2018\/03\/freja_travel_team-300x300.jpg 300w, https:\/\/www.frejatravel.com\/wp-content\/uploads\/2018\/03\/freja_travel_team-150x150.jpg 150w, https:\/\/www.frejatravel.com\/wp-content\/uploads\/2018\/03\/freja_travel_team-500x500.jpg 500w, https:\/\/www.frejatravel.com\/wp-content\/uploads\/2018\/03\/freja_travel_team-45x45.jpg 45w, https:\/\/www.frejatravel.com\/wp-content\/uploads\/2018\/03\/freja_travel_team.jpg 524w\" sizes=\"(max-width: 232px) 100vw, 232px\" \/><\/p>\n<p><span style=\"color: #000000; font-size: 14pt; font-family: 'book antiqua', palatino, serif;\">Mi, zaposlenici Freje Travel, imamo dugogodi\u0161nje iskustvo u turizmu i rado \u0107emo vam pomo\u0107i u organizaciji putovanja i aran\u017emana u Hrvatskoj.\u00a0 Trudimo se uvijek pru\u017eiti osobni dodir i zanimljive prijedloge za programe. Sastavljamo izlete prema va\u0161im potrebama i \u017eeljama. \u017delimo vam pru\u017eiti jedinstveni do\u017eivljaj. Ne\u0161to pou\u010dno. \u017delimo s vama podijeliti dio na\u0161e Hrvatske.<\/span><\/p>\n<p><span style=\"color: #000000; font-size: 14pt; font-family: 'book antiqua', palatino, serif;\">Hrvatska je na\u0161 dom, a znamo skandinavske jezike, govorimo \u0161vedski i norve\u0161ki, pa i hrvatski i engleski fluentno.\u00a0 Svi smo licencirani turisti\u010dki vodi\u010di za \u0161vedski i norve\u0161ki jezik. Ovla\u0161teni smo vodi\u010di za ve\u0107i broj lokaliteta u Hrvatskoj \u2013 Dubrova\u010dko-Neretvansku, Splitsko-Dalmatinsku i \u0160ibensko-Kninsku \u017eupaniju. Kao lokalni agent, pru\u017eamo razli\u010dite usluge pri organizaciji grupnih putovanja, konferencija i doga\u0111anja u Hrvatskoj.\u00a0 Lako sre\u0111ujemo sve potrebno na destinaciji, kako tu \u017eivimo i poznajemo jezik.:<\/span><\/p>\n<p>&nbsp;<\/p>\n<ul>\n<li><span style=\"color: #000000; font-size: 14pt; font-family: 'book antiqua', palatino, serif;\">Transfer do zra\u010dne luke, hotela, luke i sl.<\/span><\/li>\n<li><span style=\"color: #000000; font-size: 14pt; font-family: 'book antiqua', palatino, serif;\">Smje\u0161taj u hotel ili apartmane<\/span><\/li>\n<li><span style=\"color: #000000; font-size: 14pt; font-family: 'book antiqua', palatino, serif;\">Konferencije i potrebne aran\u017emane<\/span><\/li>\n<li><span style=\"color: #000000; font-size: 14pt; font-family: 'book antiqua', palatino, serif;\">Lokalne predstavnike i vodi\u010de za \u0161vedski, norve\u0161ki i engleski jezik<\/span><\/li>\n<li><span style=\"color: #000000; font-size: 14pt; font-family: 'book antiqua', palatino, serif;\">Poludnevne, Cjelodnevne ili vi\u0161ednevne izlete, tematske izlete i ekskluzivne za zatvorene grupe<\/span><\/li>\n<li><span style=\"color: #000000; font-size: 14pt; font-family: 'book antiqua', palatino, serif;\">Vjen\u010danja, ro\u0111endane i doga\u0111anja<\/span><\/li>\n<li><span style=\"color: #000000; font-size: 14pt; font-family: 'book antiqua', palatino, serif;\">Brodske izlete za ve\u0107e grupe ili manje privatne izlete<\/span><\/li>\n<li><span style=\"color: #000000; font-size: 14pt; font-family: 'book antiqua', palatino, serif;\">Tematska putovanja poput zborova, gastronomskih, vinskih, botani\u010dkih, fitness, povijesnih i kru\u017enih putovanja kroz Hrvatsku. Sastavljamo jedinstveni program za va\u0161u grupu.<\/span><\/li>\n<\/ul>\n<p><\/p>","protected":false},"excerpt":{"rendered":"<p>Dobrodo\u0161li u Freja Travel! Mi, zaposlenici Freje Travel, imamo dugogodi\u0161nje iskustvo u turizmu i rado \u0107emo vam pomo\u0107i u organizaciji putovanja i aran\u017emana u Hrvatskoj.\u00a0 Trudimo se uvijek pru\u017eiti osobni dodir i zanimljive prijedloge za programe. Sastavljamo izlete prema va\u0161im potrebama i \u017eeljama. \u017delimo vam pru\u017eiti jedinstveni do\u017eivljaj. Ne\u0161to pou\u010dno. \u017delimo s vama podijeliti dio <a class=\"read-more\" href=\"https:\/\/www.frejatravel.com\/hr\/\">READ MORE<\/a><\/p>\n","protected":false},"author":1,"featured_media":0,"parent":0,"menu_order":0,"comment_status":"closed","ping_status":"closed","template":"","meta":[],"yst_prominent_words":[177,197,180,199,176,76,70,193,200,202,196,194,178,198,191,192,195,190,77,201],"_links":{"self":[{"href":"https:\/\/www.frejatravel.com\/hr\/wp-json\/wp\/v2\/pages\/4"}],"collection":[{"href":"https:\/\/www.frejatravel.com\/hr\/wp-json\/wp\/v2\/pages"}],"about":[{"href":"https:\/\/www.frejatravel.com\/hr\/wp-json\/wp\/v2\/types\/page"}],"author":[{"embeddable":true,"href":"https:\/\/www.frejatravel.com\/hr\/wp-json\/wp\/v2\/users\/1"}],"replies":[{"embeddable":true,"href":"https:\/\/www.frejatravel.com\/hr\/wp-json\/wp\/v2\/comments?post=4"}],"version-history":[{"count":17,"href":"https:\/\/www.frejatravel.com\/hr\/wp-json\/wp\/v2\/pages\/4\/revisions"}],"predecessor-version":[{"id":578,"href":"https:\/\/www.frejatravel.com\/hr\/wp-json\/wp\/v2\/pages\/4\/revisions\/578"}],"wp:attachment":[{"href":"https:\/\/www.frejatravel.com\/hr\/wp-json\/wp\/v2\/media?parent=4"}],"wp:term":[{"taxonomy":"yst_prominent_words","embeddable":true,"href":"https:\/\/www.frejatravel.com\/hr\/wp-json\/wp\/v2\/yst_prominent_words?post=4"}],"curies":[{"name":"wp","href":"https:\/\/api.w.org\/{rel}","templated":true}]}}